{"id":223,"date":"2022-12-13T12:24:53","date_gmt":"2022-12-13T12:24:53","guid":{"rendered":"https:\/\/pgsim.net\/web\/?page_id=223"},"modified":"2024-02-01T14:07:37","modified_gmt":"2024-02-01T14:07:37","slug":"nosotros","status":"publish","type":"page","link":"https:\/\/pgsim.net\/web\/index.php\/nosotros\/","title":{"rendered":"Nosotros"},"content":{"rendered":"\t\t<div data-elementor-type=\"wp-page\" data-elementor-id=\"223\" class=\"elementor elementor-223\">\n\t\t\t\t\t\t<section class=\"elementor-section elementor-top-section elementor-element elementor-element-6f9da0ce elementor-section-height-min-height elementor-section-content-middle elementor-section-boxed elementor-section-height-default elementor-section-items-middle\" data-id=\"6f9da0ce\" data-element_type=\"section\" data-e-type=\"section\" data-settings=\"{&quot;background_background&quot;:&quot;classic&quot;}\">\n\t\t\t\t\t\t\t<div class=\"elementor-background-overlay\"><\/div>\n\t\t\t\t\t\t\t<div class=\"elementor-container elementor-column-gap-no\">\n\t\t\t\t\t<div class=\"elementor-column elementor-col-50 elementor-top-column elementor-element elementor-element-273e29b\" data-id=\"273e29b\" data-element_type=\"column\" data-e-type=\"column\">\n\t\t\t<div class=\"elementor-widget-wrap elementor-element-populated\">\n\t\t\t\t\t\t<div class=\"elementor-element elementor-element-8c78ffc elementor-widget elementor-widget-heading\" data-id=\"8c78ffc\" data-element_type=\"widget\" data-e-type=\"widget\" data-widget_type=\"heading.default\">\n\t\t\t\t<div class=\"elementor-widget-container\">\n\t\t\t\t\t<h2 class=\"elementor-heading-title elementor-size-default\">Nosotros<\/h2>\t\t\t\t<\/div>\n\t\t\t\t<\/div>\n\t\t\t\t<div class=\"elementor-element elementor-element-aa8c0ee elementor-widget__width-initial elementor-widget elementor-widget-text-editor\" data-id=\"aa8c0ee\" data-element_type=\"widget\" data-e-type=\"widget\" data-widget_type=\"text-editor.default\">\n\t\t\t\t<div class=\"elementor-widget-container\">\n\t\t\t\t\t\t\t\t\t<p>Transformando la Gesti\u00f3n Documental y la Seguridad Laboral para el \u00c9xito Organizacional.<\/p>\t\t\t\t\t\t\t\t<\/div>\n\t\t\t\t<\/div>\n\t\t\t\t\t<\/div>\n\t\t<\/div>\n\t\t\t\t<div class=\"elementor-column elementor-col-50 elementor-top-column elementor-element elementor-element-1d3ae89e\" data-id=\"1d3ae89e\" data-element_type=\"column\" data-e-type=\"column\">\n\t\t\t<div class=\"elementor-widget-wrap\">\n\t\t\t\t\t\t\t<\/div>\n\t\t<\/div>\n\t\t\t\t\t<\/div>\n\t\t<\/section>\n\t\t\t\t<section class=\"elementor-section elementor-top-section elementor-element elementor-element-320ee2d elementor-section-content-middle elementor-section-boxed elementor-section-height-default elementor-section-height-default\" data-id=\"320ee2d\" data-element_type=\"section\" data-e-type=\"section\" data-settings=\"{&quot;background_background&quot;:&quot;classic&quot;}\">\n\t\t\t\t\t\t<div class=\"elementor-container elementor-column-gap-no\">\n\t\t\t\t\t<div class=\"elementor-column elementor-col-50 elementor-top-column elementor-element elementor-element-0ae835d\" data-id=\"0ae835d\" data-element_type=\"column\" data-e-type=\"column\">\n\t\t\t<div class=\"elementor-widget-wrap\">\n\t\t\t\t\t\t\t<\/div>\n\t\t<\/div>\n\t\t\t\t<div class=\"elementor-column elementor-col-50 elementor-top-column elementor-element elementor-element-02c4527\" data-id=\"02c4527\" data-element_type=\"column\" data-e-type=\"column\">\n\t\t\t<div class=\"elementor-widget-wrap elementor-element-populated\">\n\t\t\t\t\t\t<div class=\"elementor-element elementor-element-cd5a6fc elementor-widget elementor-widget-text-editor\" data-id=\"cd5a6fc\" data-element_type=\"widget\" data-e-type=\"widget\" data-widget_type=\"text-editor.default\">\n\t\t\t\t<div class=\"elementor-widget-container\">\n\t\t\t\t\t\t\t\t\t<p>En PGSIM, nos dedicamos a simplificar y centralizar la gesti\u00f3n documental para garantizar el correcto funcionamiento de cualquier organizaci\u00f3n. Entendemos la importancia de consolidar todas las herramientas esenciales en una \u00fanica plataforma. Nuestro compromiso es facilitar la recopilaci\u00f3n, gesti\u00f3n, supervisi\u00f3n y actualizaci\u00f3n de la documentaci\u00f3n asociada a equipos, maquinaria y personal.<\/p><p>En el a\u00f1o 2022, nos embarcamos en un proyecto ambicioso con el objetivo de agilizar el manejo del extenso volumen documental exigido por la normativa vigente. La creciente complejidad de la documentaci\u00f3n requerida por las empresas nos llev\u00f3 a reflexionar sobre la necesidad de organizar este aspecto de manera eficiente y efectiva.<\/p>\t\t\t\t\t\t\t\t<\/div>\n\t\t\t\t<\/div>\n\t\t\t\t\t<\/div>\n\t\t<\/div>\n\t\t\t\t\t<\/div>\n\t\t<\/section>\n\t\t\t\t<section class=\"elementor-section elementor-top-section elementor-element elementor-element-13e2a11 elementor-section-full_width elementor-section-height-default elementor-section-height-default\" data-id=\"13e2a11\" data-element_type=\"section\" data-e-type=\"section\">\n\t\t\t\t\t\t<div class=\"elementor-container elementor-column-gap-default\">\n\t\t\t\t\t<div class=\"elementor-column elementor-col-100 elementor-top-column elementor-element elementor-element-b743f5b\" data-id=\"b743f5b\" data-element_type=\"column\" data-e-type=\"column\">\n\t\t\t<div class=\"elementor-widget-wrap elementor-element-populated\">\n\t\t\t\t\t\t<div class=\"elementor-element elementor-element-d74f6ce elementor-widget-divider--view-line elementor-widget elementor-widget-divider\" data-id=\"d74f6ce\" data-element_type=\"widget\" data-e-type=\"widget\" data-widget_type=\"divider.default\">\n\t\t\t\t<div class=\"elementor-widget-container\">\n\t\t\t\t\t\t\t<div class=\"elementor-divider\">\n\t\t\t<span class=\"elementor-divider-separator\">\n\t\t\t\t\t\t<\/span>\n\t\t<\/div>\n\t\t\t\t\t\t<\/div>\n\t\t\t\t<\/div>\n\t\t\t\t\t<\/div>\n\t\t<\/div>\n\t\t\t\t\t<\/div>\n\t\t<\/section>\n\t\t\t\t<section class=\"elementor-section elementor-top-section elementor-element elementor-element-2a9e8f16 elementor-section-full_width elementor-section-height-min-height elementor-section-items-stretch elementor-section-content-middle elementor-section-height-default\" data-id=\"2a9e8f16\" data-element_type=\"section\" data-e-type=\"section\">\n\t\t\t\t\t\t\t<div class=\"elementor-background-overlay\"><\/div>\n\t\t\t\t\t\t\t<div class=\"elementor-container elementor-column-gap-no\">\n\t\t\t\t\t<div class=\"elementor-column elementor-col-100 elementor-top-column elementor-element elementor-element-21510732\" data-id=\"21510732\" data-element_type=\"column\" data-e-type=\"column\" data-settings=\"{&quot;background_background&quot;:&quot;classic&quot;}\">\n\t\t\t<div class=\"elementor-widget-wrap elementor-element-populated\">\n\t\t\t\t\t\t<div class=\"elementor-element elementor-element-30d6b1ab elementor-widget__width-auto elementor-absolute elementor-invisible elementor-widget elementor-widget-image\" data-id=\"30d6b1ab\" data-element_type=\"widget\" data-e-type=\"widget\" data-settings=\"{&quot;_animation&quot;:&quot;slideInLeft&quot;,&quot;_position&quot;:&quot;absolute&quot;}\" data-widget_type=\"image.default\">\n\t\t\t\t<div class=\"elementor-widget-container\">\n\t\t\t\t\t\t\t\t\t\t\t\t\t\t\t<img fetchpriority=\"high\" decoding=\"async\" width=\"787\" height=\"796\" src=\"https:\/\/pgsim.net\/web\/wp-content\/uploads\/2024\/02\/Sin-titulo-1.jpg\" class=\"attachment-large size-large wp-image-1183\" alt=\"\" srcset=\"https:\/\/pgsim.net\/web\/wp-content\/uploads\/2024\/02\/Sin-titulo-1.jpg 787w, https:\/\/pgsim.net\/web\/wp-content\/uploads\/2024\/02\/Sin-titulo-1-297x300.jpg 297w, https:\/\/pgsim.net\/web\/wp-content\/uploads\/2024\/02\/Sin-titulo-1-768x777.jpg 768w\" sizes=\"(max-width: 787px) 100vw, 787px\" \/>\t\t\t\t\t\t\t\t\t\t\t\t\t\t\t<\/div>\n\t\t\t\t<\/div>\n\t\t\t\t<div class=\"elementor-element elementor-element-345e69d7 elementor-widget__width-initial elementor-absolute elementor-invisible elementor-widget elementor-widget-image\" data-id=\"345e69d7\" data-element_type=\"widget\" data-e-type=\"widget\" data-settings=\"{&quot;_animation&quot;:&quot;slideInRight&quot;,&quot;_animation_delay&quot;:200,&quot;_position&quot;:&quot;absolute&quot;}\" data-widget_type=\"image.default\">\n\t\t\t\t<div class=\"elementor-widget-container\">\n\t\t\t\t\t\t\t\t\t\t\t\t\t\t\t<img decoding=\"async\" width=\"1500\" height=\"1000\" src=\"https:\/\/pgsim.net\/web\/wp-content\/uploads\/2024\/02\/Sin-titulo-3.png\" class=\"attachment-full size-full wp-image-1200\" alt=\"\" srcset=\"https:\/\/pgsim.net\/web\/wp-content\/uploads\/2024\/02\/Sin-titulo-3.png 1500w, https:\/\/pgsim.net\/web\/wp-content\/uploads\/2024\/02\/Sin-titulo-3-300x200.png 300w, https:\/\/pgsim.net\/web\/wp-content\/uploads\/2024\/02\/Sin-titulo-3-1024x683.png 1024w, https:\/\/pgsim.net\/web\/wp-content\/uploads\/2024\/02\/Sin-titulo-3-768x512.png 768w\" sizes=\"(max-width: 1500px) 100vw, 1500px\" \/>\t\t\t\t\t\t\t\t\t\t\t\t\t\t\t<\/div>\n\t\t\t\t<\/div>\n\t\t\t\t<section class=\"elementor-section elementor-inner-section elementor-element elementor-element-6988c2b5 elementor-section-height-min-height elementor-section-content-middle elementor-section-boxed elementor-section-height-default\" data-id=\"6988c2b5\" data-element_type=\"section\" data-e-type=\"section\" data-settings=\"{&quot;background_background&quot;:&quot;classic&quot;}\">\n\t\t\t\t\t\t<div class=\"elementor-container elementor-column-gap-no\">\n\t\t\t\t\t<div class=\"elementor-column elementor-col-100 elementor-inner-column elementor-element elementor-element-2793e645\" data-id=\"2793e645\" data-element_type=\"column\" data-e-type=\"column\">\n\t\t\t<div class=\"elementor-widget-wrap elementor-element-populated\">\n\t\t\t\t\t\t<div class=\"elementor-element elementor-element-4d73af49 elementor-widget elementor-widget-heading\" data-id=\"4d73af49\" data-element_type=\"widget\" data-e-type=\"widget\" data-widget_type=\"heading.default\">\n\t\t\t\t<div class=\"elementor-widget-container\">\n\t\t\t\t\t<h2 class=\"elementor-heading-title elementor-size-default\">Nuestra Misi\u00f3n<\/h2>\t\t\t\t<\/div>\n\t\t\t\t<\/div>\n\t\t\t\t<div class=\"elementor-element elementor-element-590027c7 elementor-widget elementor-widget-text-editor\" data-id=\"590027c7\" data-element_type=\"widget\" data-e-type=\"widget\" data-widget_type=\"text-editor.default\">\n\t\t\t\t<div class=\"elementor-widget-container\">\n\t\t\t\t\t\t\t\t\t<p>Proporcionarte una herramienta integral que simplifique las tareas relacionadas con la documentaci\u00f3n, permiti\u00e9ndote enfocarte en lo que realmente importa: el crecimiento y \u00e9xito de tu organizaci\u00f3n. Optamos por integrar toda nuestra experiencia en el desarrollo y control de estas funciones en una sola plataforma, para ofrecerte una soluci\u00f3n completa y eficaz.<\/p>\t\t\t\t\t\t\t\t<\/div>\n\t\t\t\t<\/div>\n\t\t\t\t\t<\/div>\n\t\t<\/div>\n\t\t\t\t\t<\/div>\n\t\t<\/section>\n\t\t\t\t\t<\/div>\n\t\t<\/div>\n\t\t\t\t\t<\/div>\n\t\t<\/section>\n\t\t\t\t<section class=\"elementor-section elementor-top-section elementor-element elementor-element-74a4dd36 elementor-section-content-middle elementor-section-boxed elementor-section-height-default elementor-section-height-default\" data-id=\"74a4dd36\" data-element_type=\"section\" data-e-type=\"section\">\n\t\t\t\t\t\t<div class=\"elementor-container elementor-column-gap-no\">\n\t\t\t\t\t<div class=\"elementor-column elementor-col-50 elementor-top-column elementor-element elementor-element-d8f03c4\" data-id=\"d8f03c4\" data-element_type=\"column\" data-e-type=\"column\">\n\t\t\t<div class=\"elementor-widget-wrap elementor-element-populated\">\n\t\t\t\t\t\t<div class=\"elementor-element elementor-element-f770f29 elementor-widget elementor-widget-heading\" data-id=\"f770f29\" data-element_type=\"widget\" data-e-type=\"widget\" data-widget_type=\"heading.default\">\n\t\t\t\t<div class=\"elementor-widget-container\">\n\t\t\t\t\t<h2 class=\"elementor-heading-title elementor-size-default\">PGSIM, Tu Aliado<\/h2>\t\t\t\t<\/div>\n\t\t\t\t<\/div>\n\t\t\t\t<div class=\"elementor-element elementor-element-e2df422 elementor-widget elementor-widget-text-editor\" data-id=\"e2df422\" data-element_type=\"widget\" data-e-type=\"widget\" data-widget_type=\"text-editor.default\">\n\t\t\t\t<div class=\"elementor-widget-container\">\n\t\t\t\t\t\t\t\t\t<p>Proporcionarte una herramienta integral que simplifique las tareas relacionadas con la documentaci\u00f3n, permiti\u00e9ndote enfocarte en lo que realmente importa: el crecimiento y \u00e9xito de tu organizaci\u00f3n. Optamos por integrar toda nuestra experiencia en el desarrollo y control de estas funciones en una sola plataforma, para ofrecerte una soluci\u00f3n completa y eficaz.<\/p>\t\t\t\t\t\t\t\t<\/div>\n\t\t\t\t<\/div>\n\t\t\t\t\t<\/div>\n\t\t<\/div>\n\t\t\t\t<div class=\"elementor-column elementor-col-50 elementor-top-column elementor-element elementor-element-e21cb5d\" data-id=\"e21cb5d\" data-element_type=\"column\" data-e-type=\"column\">\n\t\t\t<div class=\"elementor-widget-wrap\">\n\t\t\t\t\t\t\t<\/div>\n\t\t<\/div>\n\t\t\t\t\t<\/div>\n\t\t<\/section>\n\t\t\t\t<\/div>\n\t\t","protected":false},"excerpt":{"rendered":"<p>Nosotros Transformando la Gesti\u00f3n Documental y la Seguridad Laboral para el \u00c9xito Organizacional. En PGSIM, nos dedicamos a simplificar y [&hellip;]<\/p>\n","protected":false},"author":1,"featured_media":0,"parent":0,"menu_order":0,"comment_status":"closed","ping_status":"closed","template":"","meta":{"om_disable_all_campaigns":false,"_monsterinsights_skip_tracking":false,"_monsterinsights_sitenote_active":false,"_monsterinsights_sitenote_note":"","_monsterinsights_sitenote_category":0,"_uf_show_specific_survey":0,"_uf_disable_surveys":false,"site-sidebar-layout":"no-sidebar","site-content-layout":"","ast-site-content-layout":"full-width-container","site-content-style":"default","site-sidebar-style":"default","ast-global-header-display":"","ast-banner-title-visibility":"","ast-main-header-display":"","ast-hfb-above-header-display":"","ast-hfb-below-header-display":"","ast-hfb-mobile-header-display":"","site-post-title":"disabled","ast-breadcrumbs-content":"","ast-featured-img":"disabled","footer-sml-layout":"","theme-transparent-header-meta":"","adv-header-id-meta":"","stick-header-meta":"","header-above-stick-meta":"","header-main-stick-meta":"","header-below-stick-meta":"","astra-migrate-meta-layouts":"default","ast-page-background-enabled":"default","ast-page-background-meta":{"desktop":{"background-color":"var(--ast-global-color-4)","background-image":"","background-repeat":"repeat","background-position":"center center","background-size":"auto","background-attachment":"scroll","background-type":"","background-media":"","overlay-type":"","overlay-color":"","overlay-gradient":""},"tablet":{"background-color":"","background-image":"","background-repeat":"repeat","background-position":"center center","background-size":"auto","background-attachment":"scroll","background-type":"","background-media":"","overlay-type":"","overlay-color":"","overlay-gradient":""},"mobile":{"background-color":"","background-image":"","background-repeat":"repeat","background-position":"center center","background-size":"auto","background-attachment":"scroll","background-type":"","background-media":"","overlay-type":"","overlay-color":"","overlay-gradient":""}},"ast-content-background-meta":{"desktop":{"background-color":"var(--ast-global-color-5)","background-image":"","background-repeat":"repeat","background-position":"center center","background-size":"auto","background-attachment":"scroll","background-type":"","background-media":"","overlay-type":"","overlay-color":"","overlay-gradient":""},"tablet":{"background-color":"var(--ast-global-color-5)","background-image":"","background-repeat":"repeat","background-position":"center center","background-size":"auto","background-attachment":"scroll","background-type":"","background-media":"","overlay-type":"","overlay-color":"","overlay-gradient":""},"mobile":{"background-color":"var(--ast-global-color-5)","background-image":"","background-repeat":"repeat","background-position":"center center","background-size":"auto","background-attachment":"scroll","background-type":"","background-media":"","overlay-type":"","overlay-color":"","overlay-gradient":""}},"footnotes":""},"class_list":["post-223","page","type-page","status-publish","hentry"],"aioseo_notices":[],"yoast_head":"<!-- This site is optimized with the Yoast SEO plugin v27.4 - https:\/\/yoast.com\/product\/yoast-seo-wordpress\/ -->\n<title>Nosotros -<\/title>\n<meta name=\"robots\" content=\"index, follow, max-snippet:-1, max-image-preview:large, max-video-preview:-1\" \/>\n<link rel=\"canonical\" href=\"https:\/\/pgsim.net\/web\/index.php\/nosotros\/\" \/>\n<meta property=\"og:locale\" content=\"es_ES\" \/>\n<meta property=\"og:type\" content=\"article\" \/>\n<meta property=\"og:title\" content=\"Nosotros -\" \/>\n<meta property=\"og:description\" content=\"Nosotros Transformando la Gesti\u00f3n Documental y la Seguridad Laboral para el \u00c9xito Organizacional. En PGSIM, nos dedicamos a simplificar y [&hellip;]\" \/>\n<meta property=\"og:url\" content=\"https:\/\/pgsim.net\/web\/index.php\/nosotros\/\" \/>\n<meta property=\"article:modified_time\" content=\"2024-02-01T14:07:37+00:00\" \/>\n<meta property=\"og:image\" content=\"https:\/\/pgsim.net\/web\/wp-content\/uploads\/2024\/02\/Sin-titulo-1.jpg\" \/>\n<meta name=\"twitter:card\" content=\"summary_large_image\" \/>\n<meta name=\"twitter:label1\" content=\"Tiempo de lectura\" \/>\n\t<meta name=\"twitter:data1\" content=\"2 minutos\" \/>\n<script type=\"application\/ld+json\" class=\"yoast-schema-graph\">{\"@context\":\"https:\\\/\\\/schema.org\",\"@graph\":[{\"@type\":\"WebPage\",\"@id\":\"https:\\\/\\\/pgsim.net\\\/web\\\/index.php\\\/nosotros\\\/\",\"url\":\"https:\\\/\\\/pgsim.net\\\/web\\\/index.php\\\/nosotros\\\/\",\"name\":\"Nosotros -\",\"isPartOf\":{\"@id\":\"https:\\\/\\\/pgsim.net\\\/web\\\/#website\"},\"primaryImageOfPage\":{\"@id\":\"https:\\\/\\\/pgsim.net\\\/web\\\/index.php\\\/nosotros\\\/#primaryimage\"},\"image\":{\"@id\":\"https:\\\/\\\/pgsim.net\\\/web\\\/index.php\\\/nosotros\\\/#primaryimage\"},\"thumbnailUrl\":\"https:\\\/\\\/pgsim.net\\\/web\\\/wp-content\\\/uploads\\\/2024\\\/02\\\/Sin-titulo-1.jpg\",\"datePublished\":\"2022-12-13T12:24:53+00:00\",\"dateModified\":\"2024-02-01T14:07:37+00:00\",\"breadcrumb\":{\"@id\":\"https:\\\/\\\/pgsim.net\\\/web\\\/index.php\\\/nosotros\\\/#breadcrumb\"},\"inLanguage\":\"es\",\"potentialAction\":[{\"@type\":\"ReadAction\",\"target\":[\"https:\\\/\\\/pgsim.net\\\/web\\\/index.php\\\/nosotros\\\/\"]}]},{\"@type\":\"ImageObject\",\"inLanguage\":\"es\",\"@id\":\"https:\\\/\\\/pgsim.net\\\/web\\\/index.php\\\/nosotros\\\/#primaryimage\",\"url\":\"https:\\\/\\\/pgsim.net\\\/web\\\/wp-content\\\/uploads\\\/2024\\\/02\\\/Sin-titulo-1.jpg\",\"contentUrl\":\"https:\\\/\\\/pgsim.net\\\/web\\\/wp-content\\\/uploads\\\/2024\\\/02\\\/Sin-titulo-1.jpg\",\"width\":787,\"height\":796},{\"@type\":\"BreadcrumbList\",\"@id\":\"https:\\\/\\\/pgsim.net\\\/web\\\/index.php\\\/nosotros\\\/#breadcrumb\",\"itemListElement\":[{\"@type\":\"ListItem\",\"position\":1,\"name\":\"Portada\",\"item\":\"https:\\\/\\\/pgsim.net\\\/web\\\/\"},{\"@type\":\"ListItem\",\"position\":2,\"name\":\"Nosotros\"}]},{\"@type\":\"WebSite\",\"@id\":\"https:\\\/\\\/pgsim.net\\\/web\\\/#website\",\"url\":\"https:\\\/\\\/pgsim.net\\\/web\\\/\",\"name\":\"PGSIM - Programa de Gesti\u00f3n de Seguridad Integral Minera\",\"description\":\"Programa de Gesti\u00f3n de Seguridad Integral Minera\",\"publisher\":{\"@id\":\"https:\\\/\\\/pgsim.net\\\/web\\\/#organization\"},\"alternateName\":\"PGSIM\",\"potentialAction\":[{\"@type\":\"SearchAction\",\"target\":{\"@type\":\"EntryPoint\",\"urlTemplate\":\"https:\\\/\\\/pgsim.net\\\/web\\\/?s={search_term_string}\"},\"query-input\":{\"@type\":\"PropertyValueSpecification\",\"valueRequired\":true,\"valueName\":\"search_term_string\"}}],\"inLanguage\":\"es\"},{\"@type\":\"Organization\",\"@id\":\"https:\\\/\\\/pgsim.net\\\/web\\\/#organization\",\"name\":\"PGSIM\",\"alternateName\":\"Programa de Gesti\u00f3n de Seguridad Integral Minera\",\"url\":\"https:\\\/\\\/pgsim.net\\\/web\\\/\",\"logo\":{\"@type\":\"ImageObject\",\"inLanguage\":\"es\",\"@id\":\"https:\\\/\\\/pgsim.net\\\/web\\\/#\\\/schema\\\/logo\\\/image\\\/\",\"url\":\"https:\\\/\\\/pgsim.net\\\/web\\\/wp-content\\\/uploads\\\/2022\\\/12\\\/cropped-cropped-Logotipo-Negro.png\",\"contentUrl\":\"https:\\\/\\\/pgsim.net\\\/web\\\/wp-content\\\/uploads\\\/2022\\\/12\\\/cropped-cropped-Logotipo-Negro.png\",\"width\":512,\"height\":512,\"caption\":\"PGSIM\"},\"image\":{\"@id\":\"https:\\\/\\\/pgsim.net\\\/web\\\/#\\\/schema\\\/logo\\\/image\\\/\"}}]}<\/script>\n<!-- \/ Yoast SEO plugin. -->","yoast_head_json":{"title":"Nosotros -","robots":{"index":"index","follow":"follow","max-snippet":"max-snippet:-1","max-image-preview":"max-image-preview:large","max-video-preview":"max-video-preview:-1"},"canonical":"https:\/\/pgsim.net\/web\/index.php\/nosotros\/","og_locale":"es_ES","og_type":"article","og_title":"Nosotros -","og_description":"Nosotros Transformando la Gesti\u00f3n Documental y la Seguridad Laboral para el \u00c9xito Organizacional. En PGSIM, nos dedicamos a simplificar y [&hellip;]","og_url":"https:\/\/pgsim.net\/web\/index.php\/nosotros\/","article_modified_time":"2024-02-01T14:07:37+00:00","og_image":[{"url":"https:\/\/pgsim.net\/web\/wp-content\/uploads\/2024\/02\/Sin-titulo-1.jpg","type":"","width":"","height":""}],"twitter_card":"summary_large_image","twitter_misc":{"Tiempo de lectura":"2 minutos"},"schema":{"@context":"https:\/\/schema.org","@graph":[{"@type":"WebPage","@id":"https:\/\/pgsim.net\/web\/index.php\/nosotros\/","url":"https:\/\/pgsim.net\/web\/index.php\/nosotros\/","name":"Nosotros -","isPartOf":{"@id":"https:\/\/pgsim.net\/web\/#website"},"primaryImageOfPage":{"@id":"https:\/\/pgsim.net\/web\/index.php\/nosotros\/#primaryimage"},"image":{"@id":"https:\/\/pgsim.net\/web\/index.php\/nosotros\/#primaryimage"},"thumbnailUrl":"https:\/\/pgsim.net\/web\/wp-content\/uploads\/2024\/02\/Sin-titulo-1.jpg","datePublished":"2022-12-13T12:24:53+00:00","dateModified":"2024-02-01T14:07:37+00:00","breadcrumb":{"@id":"https:\/\/pgsim.net\/web\/index.php\/nosotros\/#breadcrumb"},"inLanguage":"es","potentialAction":[{"@type":"ReadAction","target":["https:\/\/pgsim.net\/web\/index.php\/nosotros\/"]}]},{"@type":"ImageObject","inLanguage":"es","@id":"https:\/\/pgsim.net\/web\/index.php\/nosotros\/#primaryimage","url":"https:\/\/pgsim.net\/web\/wp-content\/uploads\/2024\/02\/Sin-titulo-1.jpg","contentUrl":"https:\/\/pgsim.net\/web\/wp-content\/uploads\/2024\/02\/Sin-titulo-1.jpg","width":787,"height":796},{"@type":"BreadcrumbList","@id":"https:\/\/pgsim.net\/web\/index.php\/nosotros\/#breadcrumb","itemListElement":[{"@type":"ListItem","position":1,"name":"Portada","item":"https:\/\/pgsim.net\/web\/"},{"@type":"ListItem","position":2,"name":"Nosotros"}]},{"@type":"WebSite","@id":"https:\/\/pgsim.net\/web\/#website","url":"https:\/\/pgsim.net\/web\/","name":"PGSIM - Programa de Gesti\u00f3n de Seguridad Integral Minera","description":"Programa de Gesti\u00f3n de Seguridad Integral Minera","publisher":{"@id":"https:\/\/pgsim.net\/web\/#organization"},"alternateName":"PGSIM","potentialAction":[{"@type":"SearchAction","target":{"@type":"EntryPoint","urlTemplate":"https:\/\/pgsim.net\/web\/?s={search_term_string}"},"query-input":{"@type":"PropertyValueSpecification","valueRequired":true,"valueName":"search_term_string"}}],"inLanguage":"es"},{"@type":"Organization","@id":"https:\/\/pgsim.net\/web\/#organization","name":"PGSIM","alternateName":"Programa de Gesti\u00f3n de Seguridad Integral Minera","url":"https:\/\/pgsim.net\/web\/","logo":{"@type":"ImageObject","inLanguage":"es","@id":"https:\/\/pgsim.net\/web\/#\/schema\/logo\/image\/","url":"https:\/\/pgsim.net\/web\/wp-content\/uploads\/2022\/12\/cropped-cropped-Logotipo-Negro.png","contentUrl":"https:\/\/pgsim.net\/web\/wp-content\/uploads\/2022\/12\/cropped-cropped-Logotipo-Negro.png","width":512,"height":512,"caption":"PGSIM"},"image":{"@id":"https:\/\/pgsim.net\/web\/#\/schema\/logo\/image\/"}}]}},"_links":{"self":[{"href":"https:\/\/pgsim.net\/web\/index.php\/wp-json\/wp\/v2\/pages\/223","targetHints":{"allow":["GET"]}}],"collection":[{"href":"https:\/\/pgsim.net\/web\/index.php\/wp-json\/wp\/v2\/pages"}],"about":[{"href":"https:\/\/pgsim.net\/web\/index.php\/wp-json\/wp\/v2\/types\/page"}],"author":[{"embeddable":true,"href":"https:\/\/pgsim.net\/web\/index.php\/wp-json\/wp\/v2\/users\/1"}],"replies":[{"embeddable":true,"href":"https:\/\/pgsim.net\/web\/index.php\/wp-json\/wp\/v2\/comments?post=223"}],"version-history":[{"count":140,"href":"https:\/\/pgsim.net\/web\/index.php\/wp-json\/wp\/v2\/pages\/223\/revisions"}],"predecessor-version":[{"id":1206,"href":"https:\/\/pgsim.net\/web\/index.php\/wp-json\/wp\/v2\/pages\/223\/revisions\/1206"}],"wp:attachment":[{"href":"https:\/\/pgsim.net\/web\/index.php\/wp-json\/wp\/v2\/media?parent=223"}],"curies":[{"name":"wp","href":"https:\/\/api.w.org\/{rel}","templated":true}]}}