{"id":408,"date":"2022-12-20T11:37:14","date_gmt":"2022-12-20T11:37:14","guid":{"rendered":"https:\/\/pgsim.net\/web\/?page_id=408"},"modified":"2022-12-22T09:20:00","modified_gmt":"2022-12-22T09:20:00","slug":"empresas","status":"publish","type":"page","link":"https:\/\/pgsim.net\/web\/index.php\/empresas\/","title":{"rendered":"Empresas"},"content":{"rendered":"\t\t<div data-elementor-type=\"wp-page\" data-elementor-id=\"408\" class=\"elementor elementor-408\">\n\t\t\t\t\t\t<section class=\"elementor-section elementor-top-section elementor-element elementor-element-4be29e8 elementor-section-boxed elementor-section-height-default elementor-section-height-default\" data-id=\"4be29e8\" data-element_type=\"section\" data-e-type=\"section\">\n\t\t\t\t\t\t<div class=\"elementor-container elementor-column-gap-default\">\n\t\t\t\t\t<div class=\"elementor-column elementor-col-100 elementor-top-column elementor-element elementor-element-3292835\" data-id=\"3292835\" data-element_type=\"column\" data-e-type=\"column\">\n\t\t\t<div class=\"elementor-widget-wrap elementor-element-populated\">\n\t\t\t\t\t\t<div class=\"elementor-element elementor-element-9d781f0 elementor-widget elementor-widget-text-editor\" data-id=\"9d781f0\" data-element_type=\"widget\" data-e-type=\"widget\" data-widget_type=\"text-editor.default\">\n\t\t\t\t<div class=\"elementor-widget-container\">\n\t\t\t\t\t\t\t\t\t<p>Gestiona tu o tus empresas a trav\u00e9s de una \u00fanica plataforma, donde podr\u00e1s coordinar los centros de trabajo, la prevenci\u00f3n, las evaluaciones, los contratos y a los t\u00e9cnicos.<\/p>\t\t\t\t\t\t\t\t<\/div>\n\t\t\t\t<\/div>\n\t\t\t\t\t<\/div>\n\t\t<\/div>\n\t\t\t\t\t<\/div>\n\t\t<\/section>\n\t\t\t\t<section class=\"elementor-section elementor-top-section elementor-element elementor-element-64f873df elementor-section-content-middle elementor-section-boxed elementor-section-height-default elementor-section-height-default\" data-id=\"64f873df\" data-element_type=\"section\" data-e-type=\"section\">\n\t\t\t\t\t\t<div class=\"elementor-container elementor-column-gap-no\">\n\t\t\t\t\t<div class=\"elementor-column elementor-col-100 elementor-top-column elementor-element elementor-element-ab91998\" data-id=\"ab91998\" data-element_type=\"column\" data-e-type=\"column\">\n\t\t\t<div class=\"elementor-widget-wrap elementor-element-populated\">\n\t\t\t\t\t\t<section class=\"elementor-section elementor-inner-section elementor-element elementor-element-21a56eea elementor-section-content-middle elementor-section-boxed elementor-section-height-default elementor-section-height-default\" data-id=\"21a56eea\" data-element_type=\"section\" data-e-type=\"section\">\n\t\t\t\t\t\t<div class=\"elementor-container elementor-column-gap-default\">\n\t\t\t\t\t<div class=\"elementor-column elementor-col-100 elementor-inner-column elementor-element elementor-element-7c331966 elementor-invisible\" data-id=\"7c331966\" data-element_type=\"column\" data-e-type=\"column\" data-settings=\"{&quot;background_background&quot;:&quot;classic&quot;,&quot;animation&quot;:&quot;bounce&quot;}\">\n\t\t\t<div class=\"elementor-widget-wrap elementor-element-populated\">\n\t\t\t\t\t\t<div class=\"elementor-element elementor-element-67170742 elementor-position-top elementor-widget elementor-widget-image-box\" data-id=\"67170742\" data-element_type=\"widget\" data-e-type=\"widget\" data-widget_type=\"image-box.default\">\n\t\t\t\t<div class=\"elementor-widget-container\">\n\t\t\t\t\t<div class=\"elementor-image-box-wrapper\"><figure class=\"elementor-image-box-img\"><img decoding=\"async\" width=\"64\" height=\"60\" src=\"https:\/\/pgsim.net\/web\/wp-content\/uploads\/2022\/12\/Centro.png\" class=\"elementor-animation-grow attachment-full size-full wp-image-432\" alt=\"\" \/><\/figure><div class=\"elementor-image-box-content\"><h3 class=\"elementor-image-box-title\">Centro<\/h3><p class=\"elementor-image-box-description\">Acceder\u00e1s al o a los centros de trabajos asociados a la empresa.<\/p><\/div><\/div>\t\t\t\t<\/div>\n\t\t\t\t<\/div>\n\t\t\t\t\t<\/div>\n\t\t<\/div>\n\t\t\t\t\t<\/div>\n\t\t<\/section>\n\t\t\t\t<section class=\"elementor-section elementor-inner-section elementor-element elementor-element-48848917 elementor-section-content-middle elementor-section-boxed elementor-section-height-default elementor-section-height-default\" data-id=\"48848917\" data-element_type=\"section\" data-e-type=\"section\">\n\t\t\t\t\t\t<div class=\"elementor-container elementor-column-gap-no\">\n\t\t\t\t\t<div class=\"elementor-column elementor-col-100 elementor-inner-column elementor-element elementor-element-7cc6de8b elementor-invisible\" data-id=\"7cc6de8b\" data-element_type=\"column\" data-e-type=\"column\" data-settings=\"{&quot;background_background&quot;:&quot;classic&quot;,&quot;animation&quot;:&quot;bounce&quot;}\">\n\t\t\t<div class=\"elementor-widget-wrap elementor-element-populated\">\n\t\t\t\t\t\t<div class=\"elementor-element elementor-element-7ea5dcb9 elementor-position-top elementor-widget elementor-widget-image-box\" data-id=\"7ea5dcb9\" data-element_type=\"widget\" data-e-type=\"widget\" data-widget_type=\"image-box.default\">\n\t\t\t\t<div class=\"elementor-widget-container\">\n\t\t\t\t\t<div class=\"elementor-image-box-wrapper\"><figure class=\"elementor-image-box-img\"><img decoding=\"async\" width=\"49\" height=\"65\" src=\"https:\/\/pgsim.net\/web\/wp-content\/uploads\/2022\/12\/Prevencion.png\" class=\"elementor-animation-grow attachment-full size-full wp-image-434\" alt=\"\" \/><\/figure><div class=\"elementor-image-box-content\"><h3 class=\"elementor-image-box-title\">Prevenci\u00f3n<\/h3><p class=\"elementor-image-box-description\">Organiza a los empleados y a su prevenci\u00f3n de riesgos.<\/p><\/div><\/div>\t\t\t\t<\/div>\n\t\t\t\t<\/div>\n\t\t\t\t\t<\/div>\n\t\t<\/div>\n\t\t\t\t\t<\/div>\n\t\t<\/section>\n\t\t\t\t<section class=\"elementor-section elementor-inner-section elementor-element elementor-element-3470eae elementor-section-content-middle elementor-section-boxed elementor-section-height-default elementor-section-height-default\" data-id=\"3470eae\" data-element_type=\"section\" data-e-type=\"section\">\n\t\t\t\t\t\t<div class=\"elementor-container elementor-column-gap-no\">\n\t\t\t\t\t<div class=\"elementor-column elementor-col-100 elementor-inner-column elementor-element elementor-element-b45164b elementor-invisible\" data-id=\"b45164b\" data-element_type=\"column\" data-e-type=\"column\" data-settings=\"{&quot;background_background&quot;:&quot;classic&quot;,&quot;animation&quot;:&quot;bounce&quot;}\">\n\t\t\t<div class=\"elementor-widget-wrap elementor-element-populated\">\n\t\t\t\t\t\t<div class=\"elementor-element elementor-element-ec2a24d elementor-position-top elementor-widget elementor-widget-image-box\" data-id=\"ec2a24d\" data-element_type=\"widget\" data-e-type=\"widget\" data-widget_type=\"image-box.default\">\n\t\t\t\t<div class=\"elementor-widget-container\">\n\t\t\t\t\t<div class=\"elementor-image-box-wrapper\"><figure class=\"elementor-image-box-img\"><img decoding=\"async\" width=\"61\" height=\"61\" src=\"https:\/\/pgsim.net\/web\/wp-content\/uploads\/2022\/12\/Tecnicos.png\" class=\"elementor-animation-grow attachment-full size-full wp-image-435\" alt=\"\" \/><\/figure><div class=\"elementor-image-box-content\"><h3 class=\"elementor-image-box-title\">T\u00e9cnicos<\/h3><p class=\"elementor-image-box-description\">Gestiona y genera los t\u00e9cnicos asociados a la empresa.<\/p><\/div><\/div>\t\t\t\t<\/div>\n\t\t\t\t<\/div>\n\t\t\t\t\t<\/div>\n\t\t<\/div>\n\t\t\t\t\t<\/div>\n\t\t<\/section>\n\t\t\t\t<section class=\"elementor-section elementor-inner-section elementor-element elementor-element-eee1267 elementor-section-content-middle elementor-section-boxed elementor-section-height-default elementor-section-height-default\" data-id=\"eee1267\" data-element_type=\"section\" data-e-type=\"section\">\n\t\t\t\t\t\t<div class=\"elementor-container elementor-column-gap-no\">\n\t\t\t\t\t<div class=\"elementor-column elementor-col-100 elementor-inner-column elementor-element elementor-element-e3d8e06 elementor-invisible\" data-id=\"e3d8e06\" data-element_type=\"column\" data-e-type=\"column\" data-settings=\"{&quot;background_background&quot;:&quot;classic&quot;,&quot;animation&quot;:&quot;bounce&quot;}\">\n\t\t\t<div class=\"elementor-widget-wrap elementor-element-populated\">\n\t\t\t\t\t\t<div class=\"elementor-element elementor-element-d884b7a elementor-position-top elementor-widget elementor-widget-image-box\" data-id=\"d884b7a\" data-element_type=\"widget\" data-e-type=\"widget\" data-widget_type=\"image-box.default\">\n\t\t\t\t<div class=\"elementor-widget-container\">\n\t\t\t\t\t<div class=\"elementor-image-box-wrapper\"><figure class=\"elementor-image-box-img\"><img loading=\"lazy\" decoding=\"async\" width=\"61\" height=\"62\" src=\"https:\/\/pgsim.net\/web\/wp-content\/uploads\/2022\/12\/Contratos.png\" class=\"elementor-animation-grow attachment-full size-full wp-image-436\" alt=\"\" \/><\/figure><div class=\"elementor-image-box-content\"><h3 class=\"elementor-image-box-title\">Contratos<\/h3><p class=\"elementor-image-box-description\">Tramita y administra los contratos generados.<\/p><\/div><\/div>\t\t\t\t<\/div>\n\t\t\t\t<\/div>\n\t\t\t\t\t<\/div>\n\t\t<\/div>\n\t\t\t\t\t<\/div>\n\t\t<\/section>\n\t\t\t\t<section class=\"elementor-section elementor-inner-section elementor-element elementor-element-dc83681 elementor-section-content-middle elementor-section-boxed elementor-section-height-default elementor-section-height-default\" data-id=\"dc83681\" data-element_type=\"section\" data-e-type=\"section\">\n\t\t\t\t\t\t<div class=\"elementor-container elementor-column-gap-no\">\n\t\t\t\t\t<div class=\"elementor-column elementor-col-100 elementor-inner-column elementor-element elementor-element-1a03579 elementor-invisible\" data-id=\"1a03579\" data-element_type=\"column\" data-e-type=\"column\" data-settings=\"{&quot;background_background&quot;:&quot;classic&quot;,&quot;animation&quot;:&quot;bounce&quot;}\">\n\t\t\t<div class=\"elementor-widget-wrap elementor-element-populated\">\n\t\t\t\t\t\t<div class=\"elementor-element elementor-element-ac6d24d elementor-position-top elementor-widget elementor-widget-image-box\" data-id=\"ac6d24d\" data-element_type=\"widget\" data-e-type=\"widget\" data-widget_type=\"image-box.default\">\n\t\t\t\t<div class=\"elementor-widget-container\">\n\t\t\t\t\t<div class=\"elementor-image-box-wrapper\"><figure class=\"elementor-image-box-img\"><img loading=\"lazy\" decoding=\"async\" width=\"51\" height=\"62\" src=\"https:\/\/pgsim.net\/web\/wp-content\/uploads\/2022\/12\/Evaluaciones.png\" class=\"elementor-animation-grow attachment-full size-full wp-image-437\" alt=\"\" \/><\/figure><div class=\"elementor-image-box-content\"><h3 class=\"elementor-image-box-title\">Evaluaciones<\/h3><p class=\"elementor-image-box-description\">Crea y visualiza las evaluaciones producidas.<\/p><\/div><\/div>\t\t\t\t<\/div>\n\t\t\t\t<\/div>\n\t\t\t\t\t<\/div>\n\t\t<\/div>\n\t\t\t\t\t<\/div>\n\t\t<\/section>\n\t\t\t\t\t<\/div>\n\t\t<\/div>\n\t\t\t\t\t<\/div>\n\t\t<\/section>\n\t\t\t\t<\/div>\n\t\t","protected":false},"excerpt":{"rendered":"<p>Gestiona tu o tus empresas a trav\u00e9s de una \u00fanica plataforma, donde podr\u00e1s coordinar los centros de trabajo, la prevenci\u00f3n, [&hellip;]<\/p>\n","protected":false},"author":1,"featured_media":0,"parent":0,"menu_order":0,"comment_status":"closed","ping_status":"closed","template":"","meta":{"om_disable_all_campaigns":false,"_monsterinsights_skip_tracking":false,"_monsterinsights_sitenote_active":false,"_monsterinsights_sitenote_note":"","_monsterinsights_sitenote_category":0,"_uf_show_specific_survey":0,"_uf_disable_surveys":false,"site-sidebar-layout":"default","site-content-layout":"","ast-site-content-layout":"","site-content-style":"default","site-sidebar-style":"default","ast-global-header-display":"","ast-banner-title-visibility":"","ast-main-header-display":"","ast-hfb-above-header-display":"","ast-hfb-below-header-display":"","ast-hfb-mobile-header-display":"","site-post-title":"","ast-breadcrumbs-content":"","ast-featured-img":"","footer-sml-layout":"","theme-transparent-header-meta":"","adv-header-id-meta":"","stick-header-meta":"","header-above-stick-meta":"","header-main-stick-meta":"","header-below-stick-meta":"","astra-migrate-meta-layouts":"default","ast-page-background-enabled":"default","ast-page-background-meta":{"desktop":{"background-color":"var(--ast-global-color-4)","background-image":"","background-repeat":"repeat","background-position":"center center","background-size":"auto","background-attachment":"scroll","background-type":"","background-media":"","overlay-type":"","overlay-color":"","overlay-gradient":""},"tablet":{"background-color":"","background-image":"","background-repeat":"repeat","background-position":"center center","background-size":"auto","background-attachment":"scroll","background-type":"","background-media":"","overlay-type":"","overlay-color":"","overlay-gradient":""},"mobile":{"background-color":"","background-image":"","background-repeat":"repeat","background-position":"center center","background-size":"auto","background-attachment":"scroll","background-type":"","background-media":"","overlay-type":"","overlay-color":"","overlay-gradient":""}},"ast-content-background-meta":{"desktop":{"background-color":"var(--ast-global-color-5)","background-image":"","background-repeat":"repeat","background-position":"center center","background-size":"auto","background-attachment":"scroll","background-type":"","background-media":"","overlay-type":"","overlay-color":"","overlay-gradient":""},"tablet":{"background-color":"var(--ast-global-color-5)","background-image":"","background-repeat":"repeat","background-position":"center center","background-size":"auto","background-attachment":"scroll","background-type":"","background-media":"","overlay-type":"","overlay-color":"","overlay-gradient":""},"mobile":{"background-color":"var(--ast-global-color-5)","background-image":"","background-repeat":"repeat","background-position":"center center","background-size":"auto","background-attachment":"scroll","background-type":"","background-media":"","overlay-type":"","overlay-color":"","overlay-gradient":""}},"footnotes":""},"class_list":["post-408","page","type-page","status-publish","hentry"],"aioseo_notices":[],"yoast_head":"<!-- This site is optimized with the Yoast SEO plugin v27.4 - https:\/\/yoast.com\/product\/yoast-seo-wordpress\/ -->\n<title>Empresas -<\/title>\n<meta name=\"robots\" content=\"index, follow, max-snippet:-1, max-image-preview:large, max-video-preview:-1\" \/>\n<link rel=\"canonical\" href=\"https:\/\/pgsim.net\/web\/index.php\/empresas\/\" \/>\n<meta property=\"og:locale\" content=\"es_ES\" \/>\n<meta property=\"og:type\" content=\"article\" \/>\n<meta property=\"og:title\" content=\"Empresas -\" \/>\n<meta property=\"og:description\" content=\"Gestiona tu o tus empresas a trav\u00e9s de una \u00fanica plataforma, donde podr\u00e1s coordinar los centros de trabajo, la prevenci\u00f3n, [&hellip;]\" \/>\n<meta property=\"og:url\" content=\"https:\/\/pgsim.net\/web\/index.php\/empresas\/\" \/>\n<meta property=\"article:modified_time\" content=\"2022-12-22T09:20:00+00:00\" \/>\n<meta property=\"og:image\" content=\"https:\/\/pgsim.net\/web\/wp-content\/uploads\/2022\/12\/Centro.png\" \/>\n<meta name=\"twitter:card\" content=\"summary_large_image\" \/>\n<script type=\"application\/ld+json\" class=\"yoast-schema-graph\">{\"@context\":\"https:\\\/\\\/schema.org\",\"@graph\":[{\"@type\":\"WebPage\",\"@id\":\"https:\\\/\\\/pgsim.net\\\/web\\\/index.php\\\/empresas\\\/\",\"url\":\"https:\\\/\\\/pgsim.net\\\/web\\\/index.php\\\/empresas\\\/\",\"name\":\"Empresas -\",\"isPartOf\":{\"@id\":\"https:\\\/\\\/pgsim.net\\\/web\\\/#website\"},\"primaryImageOfPage\":{\"@id\":\"https:\\\/\\\/pgsim.net\\\/web\\\/index.php\\\/empresas\\\/#primaryimage\"},\"image\":{\"@id\":\"https:\\\/\\\/pgsim.net\\\/web\\\/index.php\\\/empresas\\\/#primaryimage\"},\"thumbnailUrl\":\"https:\\\/\\\/pgsim.net\\\/web\\\/wp-content\\\/uploads\\\/2022\\\/12\\\/Centro.png\",\"datePublished\":\"2022-12-20T11:37:14+00:00\",\"dateModified\":\"2022-12-22T09:20:00+00:00\",\"breadcrumb\":{\"@id\":\"https:\\\/\\\/pgsim.net\\\/web\\\/index.php\\\/empresas\\\/#breadcrumb\"},\"inLanguage\":\"es\",\"potentialAction\":[{\"@type\":\"ReadAction\",\"target\":[\"https:\\\/\\\/pgsim.net\\\/web\\\/index.php\\\/empresas\\\/\"]}]},{\"@type\":\"ImageObject\",\"inLanguage\":\"es\",\"@id\":\"https:\\\/\\\/pgsim.net\\\/web\\\/index.php\\\/empresas\\\/#primaryimage\",\"url\":\"https:\\\/\\\/pgsim.net\\\/web\\\/wp-content\\\/uploads\\\/2022\\\/12\\\/Centro.png\",\"contentUrl\":\"https:\\\/\\\/pgsim.net\\\/web\\\/wp-content\\\/uploads\\\/2022\\\/12\\\/Centro.png\",\"width\":64,\"height\":60},{\"@type\":\"BreadcrumbList\",\"@id\":\"https:\\\/\\\/pgsim.net\\\/web\\\/index.php\\\/empresas\\\/#breadcrumb\",\"itemListElement\":[{\"@type\":\"ListItem\",\"position\":1,\"name\":\"Portada\",\"item\":\"https:\\\/\\\/pgsim.net\\\/web\\\/\"},{\"@type\":\"ListItem\",\"position\":2,\"name\":\"Empresas\"}]},{\"@type\":\"WebSite\",\"@id\":\"https:\\\/\\\/pgsim.net\\\/web\\\/#website\",\"url\":\"https:\\\/\\\/pgsim.net\\\/web\\\/\",\"name\":\"PGSIM - Programa de Gesti\u00f3n de Seguridad Integral Minera\",\"description\":\"Programa de Gesti\u00f3n de Seguridad Integral Minera\",\"publisher\":{\"@id\":\"https:\\\/\\\/pgsim.net\\\/web\\\/#organization\"},\"alternateName\":\"PGSIM\",\"potentialAction\":[{\"@type\":\"SearchAction\",\"target\":{\"@type\":\"EntryPoint\",\"urlTemplate\":\"https:\\\/\\\/pgsim.net\\\/web\\\/?s={search_term_string}\"},\"query-input\":{\"@type\":\"PropertyValueSpecification\",\"valueRequired\":true,\"valueName\":\"search_term_string\"}}],\"inLanguage\":\"es\"},{\"@type\":\"Organization\",\"@id\":\"https:\\\/\\\/pgsim.net\\\/web\\\/#organization\",\"name\":\"PGSIM\",\"alternateName\":\"Programa de Gesti\u00f3n de Seguridad Integral Minera\",\"url\":\"https:\\\/\\\/pgsim.net\\\/web\\\/\",\"logo\":{\"@type\":\"ImageObject\",\"inLanguage\":\"es\",\"@id\":\"https:\\\/\\\/pgsim.net\\\/web\\\/#\\\/schema\\\/logo\\\/image\\\/\",\"url\":\"https:\\\/\\\/pgsim.net\\\/web\\\/wp-content\\\/uploads\\\/2022\\\/12\\\/cropped-cropped-Logotipo-Negro.png\",\"contentUrl\":\"https:\\\/\\\/pgsim.net\\\/web\\\/wp-content\\\/uploads\\\/2022\\\/12\\\/cropped-cropped-Logotipo-Negro.png\",\"width\":512,\"height\":512,\"caption\":\"PGSIM\"},\"image\":{\"@id\":\"https:\\\/\\\/pgsim.net\\\/web\\\/#\\\/schema\\\/logo\\\/image\\\/\"}}]}<\/script>\n<!-- \/ Yoast SEO plugin. -->","yoast_head_json":{"title":"Empresas -","robots":{"index":"index","follow":"follow","max-snippet":"max-snippet:-1","max-image-preview":"max-image-preview:large","max-video-preview":"max-video-preview:-1"},"canonical":"https:\/\/pgsim.net\/web\/index.php\/empresas\/","og_locale":"es_ES","og_type":"article","og_title":"Empresas -","og_description":"Gestiona tu o tus empresas a trav\u00e9s de una \u00fanica plataforma, donde podr\u00e1s coordinar los centros de trabajo, la prevenci\u00f3n, [&hellip;]","og_url":"https:\/\/pgsim.net\/web\/index.php\/empresas\/","article_modified_time":"2022-12-22T09:20:00+00:00","og_image":[{"url":"https:\/\/pgsim.net\/web\/wp-content\/uploads\/2022\/12\/Centro.png","type":"","width":"","height":""}],"twitter_card":"summary_large_image","schema":{"@context":"https:\/\/schema.org","@graph":[{"@type":"WebPage","@id":"https:\/\/pgsim.net\/web\/index.php\/empresas\/","url":"https:\/\/pgsim.net\/web\/index.php\/empresas\/","name":"Empresas -","isPartOf":{"@id":"https:\/\/pgsim.net\/web\/#website"},"primaryImageOfPage":{"@id":"https:\/\/pgsim.net\/web\/index.php\/empresas\/#primaryimage"},"image":{"@id":"https:\/\/pgsim.net\/web\/index.php\/empresas\/#primaryimage"},"thumbnailUrl":"https:\/\/pgsim.net\/web\/wp-content\/uploads\/2022\/12\/Centro.png","datePublished":"2022-12-20T11:37:14+00:00","dateModified":"2022-12-22T09:20:00+00:00","breadcrumb":{"@id":"https:\/\/pgsim.net\/web\/index.php\/empresas\/#breadcrumb"},"inLanguage":"es","potentialAction":[{"@type":"ReadAction","target":["https:\/\/pgsim.net\/web\/index.php\/empresas\/"]}]},{"@type":"ImageObject","inLanguage":"es","@id":"https:\/\/pgsim.net\/web\/index.php\/empresas\/#primaryimage","url":"https:\/\/pgsim.net\/web\/wp-content\/uploads\/2022\/12\/Centro.png","contentUrl":"https:\/\/pgsim.net\/web\/wp-content\/uploads\/2022\/12\/Centro.png","width":64,"height":60},{"@type":"BreadcrumbList","@id":"https:\/\/pgsim.net\/web\/index.php\/empresas\/#breadcrumb","itemListElement":[{"@type":"ListItem","position":1,"name":"Portada","item":"https:\/\/pgsim.net\/web\/"},{"@type":"ListItem","position":2,"name":"Empresas"}]},{"@type":"WebSite","@id":"https:\/\/pgsim.net\/web\/#website","url":"https:\/\/pgsim.net\/web\/","name":"PGSIM - Programa de Gesti\u00f3n de Seguridad Integral Minera","description":"Programa de Gesti\u00f3n de Seguridad Integral Minera","publisher":{"@id":"https:\/\/pgsim.net\/web\/#organization"},"alternateName":"PGSIM","potentialAction":[{"@type":"SearchAction","target":{"@type":"EntryPoint","urlTemplate":"https:\/\/pgsim.net\/web\/?s={search_term_string}"},"query-input":{"@type":"PropertyValueSpecification","valueRequired":true,"valueName":"search_term_string"}}],"inLanguage":"es"},{"@type":"Organization","@id":"https:\/\/pgsim.net\/web\/#organization","name":"PGSIM","alternateName":"Programa de Gesti\u00f3n de Seguridad Integral Minera","url":"https:\/\/pgsim.net\/web\/","logo":{"@type":"ImageObject","inLanguage":"es","@id":"https:\/\/pgsim.net\/web\/#\/schema\/logo\/image\/","url":"https:\/\/pgsim.net\/web\/wp-content\/uploads\/2022\/12\/cropped-cropped-Logotipo-Negro.png","contentUrl":"https:\/\/pgsim.net\/web\/wp-content\/uploads\/2022\/12\/cropped-cropped-Logotipo-Negro.png","width":512,"height":512,"caption":"PGSIM"},"image":{"@id":"https:\/\/pgsim.net\/web\/#\/schema\/logo\/image\/"}}]}},"_links":{"self":[{"href":"https:\/\/pgsim.net\/web\/index.php\/wp-json\/wp\/v2\/pages\/408","targetHints":{"allow":["GET"]}}],"collection":[{"href":"https:\/\/pgsim.net\/web\/index.php\/wp-json\/wp\/v2\/pages"}],"about":[{"href":"https:\/\/pgsim.net\/web\/index.php\/wp-json\/wp\/v2\/types\/page"}],"author":[{"embeddable":true,"href":"https:\/\/pgsim.net\/web\/index.php\/wp-json\/wp\/v2\/users\/1"}],"replies":[{"embeddable":true,"href":"https:\/\/pgsim.net\/web\/index.php\/wp-json\/wp\/v2\/comments?post=408"}],"version-history":[{"count":40,"href":"https:\/\/pgsim.net\/web\/index.php\/wp-json\/wp\/v2\/pages\/408\/revisions"}],"predecessor-version":[{"id":576,"href":"https:\/\/pgsim.net\/web\/index.php\/wp-json\/wp\/v2\/pages\/408\/revisions\/576"}],"wp:attachment":[{"href":"https:\/\/pgsim.net\/web\/index.php\/wp-json\/wp\/v2\/media?parent=408"}],"curies":[{"name":"wp","href":"https:\/\/api.w.org\/{rel}","templated":true}]}}