{"id":468,"date":"2022-12-20T12:11:21","date_gmt":"2022-12-20T12:11:21","guid":{"rendered":"https:\/\/pgsim.net\/web\/?page_id=468"},"modified":"2022-12-20T12:39:28","modified_gmt":"2022-12-20T12:39:28","slug":"subcontratas","status":"publish","type":"page","link":"https:\/\/pgsim.net\/web\/index.php\/subcontratas\/","title":{"rendered":"Subcontratas"},"content":{"rendered":"\t\t<div data-elementor-type=\"wp-page\" data-elementor-id=\"468\" class=\"elementor elementor-468\">\n\t\t\t\t\t\t<section class=\"elementor-section elementor-top-section elementor-element elementor-element-04e81e2 elementor-section-boxed elementor-section-height-default elementor-section-height-default\" data-id=\"04e81e2\" data-element_type=\"section\" data-e-type=\"section\">\n\t\t\t\t\t\t<div class=\"elementor-container elementor-column-gap-default\">\n\t\t\t\t\t<div class=\"elementor-column elementor-col-100 elementor-top-column elementor-element elementor-element-9329884\" data-id=\"9329884\" data-element_type=\"column\" data-e-type=\"column\">\n\t\t\t<div class=\"elementor-widget-wrap elementor-element-populated\">\n\t\t\t\t\t\t<div class=\"elementor-element elementor-element-b1a735e elementor-widget elementor-widget-text-editor\" data-id=\"b1a735e\" data-element_type=\"widget\" data-e-type=\"widget\" data-widget_type=\"text-editor.default\">\n\t\t\t\t<div class=\"elementor-widget-container\">\n\t\t\t\t\t\t\t\t\t<p>La opci\u00f3n \u00absubcontratas\u00bb es a elecci\u00f3n de los clientes. Al generar una nueva empresa subcontratada se solicitar\u00e1 de forma autom\u00e1tica la solicitud de la documentaci\u00f3n obligatoria seg\u00fan la normativa que obliga al cumplimiento de la coordinaci\u00f3n empresarial y las sanciones.<\/p>\t\t\t\t\t\t\t\t<\/div>\n\t\t\t\t<\/div>\n\t\t\t\t\t<\/div>\n\t\t<\/div>\n\t\t\t\t\t<\/div>\n\t\t<\/section>\n\t\t\t\t<section class=\"elementor-section elementor-top-section elementor-element elementor-element-41175392 elementor-section-content-middle elementor-section-boxed elementor-section-height-default elementor-section-height-default\" data-id=\"41175392\" data-element_type=\"section\" data-e-type=\"section\">\n\t\t\t\t\t\t<div class=\"elementor-container elementor-column-gap-no\">\n\t\t\t\t\t<div class=\"elementor-column elementor-col-100 elementor-top-column elementor-element elementor-element-516a38cf\" data-id=\"516a38cf\" data-element_type=\"column\" data-e-type=\"column\">\n\t\t\t<div class=\"elementor-widget-wrap elementor-element-populated\">\n\t\t\t\t\t\t<section class=\"elementor-section elementor-inner-section elementor-element elementor-element-13a12265 elementor-section-boxed elementor-section-height-default elementor-section-height-default\" data-id=\"13a12265\" data-element_type=\"section\" data-e-type=\"section\">\n\t\t\t\t\t\t<div class=\"elementor-container elementor-column-gap-wider\">\n\t\t\t\t\t<div class=\"elementor-column elementor-col-50 elementor-inner-column elementor-element elementor-element-da53fcd elementor-invisible\" data-id=\"da53fcd\" data-element_type=\"column\" data-e-type=\"column\" data-settings=\"{&quot;animation&quot;:&quot;fadeInLeft&quot;}\">\n\t\t\t<div class=\"elementor-widget-wrap elementor-element-populated\">\n\t\t\t\t\t\t<div class=\"elementor-element elementor-element-242eaf9 elementor-widget elementor-widget-image\" data-id=\"242eaf9\" data-element_type=\"widget\" data-e-type=\"widget\" data-widget_type=\"image.default\">\n\t\t\t\t<div class=\"elementor-widget-container\">\n\t\t\t\t\t\t\t\t\t\t\t\t\t\t\t<img decoding=\"async\" width=\"94\" height=\"94\" src=\"https:\/\/pgsim.net\/web\/wp-content\/uploads\/2022\/12\/Seguridad-Social.png\" class=\"attachment-large size-large wp-image-482\" alt=\"\" \/>\t\t\t\t\t\t\t\t\t\t\t\t\t\t\t<\/div>\n\t\t\t\t<\/div>\n\t\t\t\t<div class=\"elementor-element elementor-element-4056cca8 elementor-widget elementor-widget-heading\" data-id=\"4056cca8\" data-element_type=\"widget\" data-e-type=\"widget\" data-widget_type=\"heading.default\">\n\t\t\t\t<div class=\"elementor-widget-container\">\n\t\t\t\t\t<h2 class=\"elementor-heading-title elementor-size-default\">Seguridad Social<\/h2>\t\t\t\t<\/div>\n\t\t\t\t<\/div>\n\t\t\t\t\t<\/div>\n\t\t<\/div>\n\t\t\t\t<div class=\"elementor-column elementor-col-50 elementor-inner-column elementor-element elementor-element-77cd7d4f elementor-invisible\" data-id=\"77cd7d4f\" data-element_type=\"column\" data-e-type=\"column\" data-settings=\"{&quot;animation&quot;:&quot;fadeInRight&quot;}\">\n\t\t\t<div class=\"elementor-widget-wrap elementor-element-populated\">\n\t\t\t\t\t\t<div class=\"elementor-element elementor-element-b81d837 elementor-widget elementor-widget-image\" data-id=\"b81d837\" data-element_type=\"widget\" data-e-type=\"widget\" data-widget_type=\"image.default\">\n\t\t\t\t<div class=\"elementor-widget-container\">\n\t\t\t\t\t\t\t\t\t\t\t\t\t\t\t<img decoding=\"async\" width=\"94\" height=\"94\" src=\"https:\/\/pgsim.net\/web\/wp-content\/uploads\/2022\/12\/Riesgos.png\" class=\"attachment-large size-large wp-image-487\" alt=\"\" \/>\t\t\t\t\t\t\t\t\t\t\t\t\t\t\t<\/div>\n\t\t\t\t<\/div>\n\t\t\t\t<div class=\"elementor-element elementor-element-a54e49 elementor-widget elementor-widget-heading\" data-id=\"a54e49\" data-element_type=\"widget\" data-e-type=\"widget\" data-widget_type=\"heading.default\">\n\t\t\t\t<div class=\"elementor-widget-container\">\n\t\t\t\t\t<h2 class=\"elementor-heading-title elementor-size-default\">Evaluaci\u00f3n de Riesgos<\/h2>\t\t\t\t<\/div>\n\t\t\t\t<\/div>\n\t\t\t\t\t<\/div>\n\t\t<\/div>\n\t\t\t\t\t<\/div>\n\t\t<\/section>\n\t\t\t\t<section class=\"elementor-section elementor-inner-section elementor-element elementor-element-47a8c194 elementor-section-boxed elementor-section-height-default elementor-section-height-default\" data-id=\"47a8c194\" data-element_type=\"section\" data-e-type=\"section\">\n\t\t\t\t\t\t<div class=\"elementor-container elementor-column-gap-wider\">\n\t\t\t\t\t<div class=\"elementor-column elementor-col-50 elementor-inner-column elementor-element elementor-element-7f71082a elementor-invisible\" data-id=\"7f71082a\" data-element_type=\"column\" data-e-type=\"column\" data-settings=\"{&quot;animation&quot;:&quot;fadeInLeft&quot;}\">\n\t\t\t<div class=\"elementor-widget-wrap elementor-element-populated\">\n\t\t\t\t\t\t<div class=\"elementor-element elementor-element-8ee42e5 elementor-widget elementor-widget-image\" data-id=\"8ee42e5\" data-element_type=\"widget\" data-e-type=\"widget\" data-widget_type=\"image.default\">\n\t\t\t\t<div class=\"elementor-widget-container\">\n\t\t\t\t\t\t\t\t\t\t\t\t\t\t\t<img decoding=\"async\" width=\"95\" height=\"94\" src=\"https:\/\/pgsim.net\/web\/wp-content\/uploads\/2022\/12\/Empresarial.png\" class=\"attachment-large size-large wp-image-502\" alt=\"\" \/>\t\t\t\t\t\t\t\t\t\t\t\t\t\t\t<\/div>\n\t\t\t\t<\/div>\n\t\t\t\t<div class=\"elementor-element elementor-element-2e54e6e2 elementor-widget elementor-widget-heading\" data-id=\"2e54e6e2\" data-element_type=\"widget\" data-e-type=\"widget\" data-widget_type=\"heading.default\">\n\t\t\t\t<div class=\"elementor-widget-container\">\n\t\t\t\t\t<h2 class=\"elementor-heading-title elementor-size-default\">Doc. Coordinaci\u00f3n Empresarial<\/h2>\t\t\t\t<\/div>\n\t\t\t\t<\/div>\n\t\t\t\t\t<\/div>\n\t\t<\/div>\n\t\t\t\t<div class=\"elementor-column elementor-col-50 elementor-inner-column elementor-element elementor-element-4caa47d1 elementor-invisible\" data-id=\"4caa47d1\" data-element_type=\"column\" data-e-type=\"column\" data-settings=\"{&quot;animation&quot;:&quot;fadeInRight&quot;}\">\n\t\t\t<div class=\"elementor-widget-wrap elementor-element-populated\">\n\t\t\t\t\t\t<div class=\"elementor-element elementor-element-76bf60e elementor-widget elementor-widget-image\" data-id=\"76bf60e\" data-element_type=\"widget\" data-e-type=\"widget\" data-widget_type=\"image.default\">\n\t\t\t\t<div class=\"elementor-widget-container\">\n\t\t\t\t\t\t\t\t\t\t\t\t\t\t\t<img loading=\"lazy\" decoding=\"async\" width=\"95\" height=\"94\" src=\"https:\/\/pgsim.net\/web\/wp-content\/uploads\/2022\/12\/Civil.png\" class=\"attachment-large size-large wp-image-503\" alt=\"\" \/>\t\t\t\t\t\t\t\t\t\t\t\t\t\t\t<\/div>\n\t\t\t\t<\/div>\n\t\t\t\t<div class=\"elementor-element elementor-element-6c50a4ea elementor-widget elementor-widget-heading\" data-id=\"6c50a4ea\" data-element_type=\"widget\" data-e-type=\"widget\" data-widget_type=\"heading.default\">\n\t\t\t\t<div class=\"elementor-widget-container\">\n\t\t\t\t\t<h2 class=\"elementor-heading-title elementor-size-default\">Seguro de Responsabili<br>dad Civil<\/h2>\t\t\t\t<\/div>\n\t\t\t\t<\/div>\n\t\t\t\t\t<\/div>\n\t\t<\/div>\n\t\t\t\t\t<\/div>\n\t\t<\/section>\n\t\t\t\t<section class=\"elementor-section elementor-inner-section elementor-element elementor-element-2417f3a elementor-section-boxed elementor-section-height-default elementor-section-height-default\" data-id=\"2417f3a\" data-element_type=\"section\" data-e-type=\"section\">\n\t\t\t\t\t\t<div class=\"elementor-container elementor-column-gap-wider\">\n\t\t\t\t\t<div class=\"elementor-column elementor-col-50 elementor-inner-column elementor-element elementor-element-93a0252 elementor-invisible\" data-id=\"93a0252\" data-element_type=\"column\" data-e-type=\"column\" data-settings=\"{&quot;animation&quot;:&quot;fadeInLeft&quot;}\">\n\t\t\t<div class=\"elementor-widget-wrap elementor-element-populated\">\n\t\t\t\t\t\t<div class=\"elementor-element elementor-element-ecd8dae elementor-widget elementor-widget-image\" data-id=\"ecd8dae\" data-element_type=\"widget\" data-e-type=\"widget\" data-widget_type=\"image.default\">\n\t\t\t\t<div class=\"elementor-widget-container\">\n\t\t\t\t\t\t\t\t\t\t\t\t\t\t\t<img loading=\"lazy\" decoding=\"async\" width=\"95\" height=\"95\" src=\"https:\/\/pgsim.net\/web\/wp-content\/uploads\/2022\/12\/Agencia.png\" class=\"attachment-large size-large wp-image-504\" alt=\"\" \/>\t\t\t\t\t\t\t\t\t\t\t\t\t\t\t<\/div>\n\t\t\t\t<\/div>\n\t\t\t\t<div class=\"elementor-element elementor-element-7027798 elementor-widget elementor-widget-heading\" data-id=\"7027798\" data-element_type=\"widget\" data-e-type=\"widget\" data-widget_type=\"heading.default\">\n\t\t\t\t<div class=\"elementor-widget-container\">\n\t\t\t\t\t<h2 class=\"elementor-heading-title elementor-size-default\">Seguro Agencia Tributaria<\/h2>\t\t\t\t<\/div>\n\t\t\t\t<\/div>\n\t\t\t\t\t<\/div>\n\t\t<\/div>\n\t\t\t\t<div class=\"elementor-column elementor-col-50 elementor-inner-column elementor-element elementor-element-cae9f16 elementor-invisible\" data-id=\"cae9f16\" data-element_type=\"column\" data-e-type=\"column\" data-settings=\"{&quot;animation&quot;:&quot;fadeInRight&quot;}\">\n\t\t\t<div class=\"elementor-widget-wrap elementor-element-populated\">\n\t\t\t\t\t\t<div class=\"elementor-element elementor-element-5046fea elementor-widget elementor-widget-image\" data-id=\"5046fea\" data-element_type=\"widget\" data-e-type=\"widget\" data-widget_type=\"image.default\">\n\t\t\t\t<div class=\"elementor-widget-container\">\n\t\t\t\t\t\t\t\t\t\t\t\t\t\t\t<img loading=\"lazy\" decoding=\"async\" width=\"94\" height=\"94\" src=\"https:\/\/pgsim.net\/web\/wp-content\/uploads\/2022\/12\/Prevencion2.png\" class=\"attachment-large size-large wp-image-505\" alt=\"\" \/>\t\t\t\t\t\t\t\t\t\t\t\t\t\t\t<\/div>\n\t\t\t\t<\/div>\n\t\t\t\t<div class=\"elementor-element elementor-element-fc26a47 elementor-widget elementor-widget-heading\" data-id=\"fc26a47\" data-element_type=\"widget\" data-e-type=\"widget\" data-widget_type=\"heading.default\">\n\t\t\t\t<div class=\"elementor-widget-container\">\n\t\t\t\t\t<h2 class=\"elementor-heading-title elementor-size-default\">Servicio de Prevenci\u00f3n<\/h2>\t\t\t\t<\/div>\n\t\t\t\t<\/div>\n\t\t\t\t\t<\/div>\n\t\t<\/div>\n\t\t\t\t\t<\/div>\n\t\t<\/section>\n\t\t\t\t<section class=\"elementor-section elementor-inner-section elementor-element elementor-element-92d9847 elementor-section-boxed elementor-section-height-default elementor-section-height-default\" data-id=\"92d9847\" data-element_type=\"section\" data-e-type=\"section\">\n\t\t\t\t\t\t<div class=\"elementor-container elementor-column-gap-wider\">\n\t\t\t\t\t<div class=\"elementor-column elementor-col-50 elementor-inner-column elementor-element elementor-element-41668ad elementor-invisible\" data-id=\"41668ad\" data-element_type=\"column\" data-e-type=\"column\" data-settings=\"{&quot;animation&quot;:&quot;fadeInLeft&quot;}\">\n\t\t\t<div class=\"elementor-widget-wrap elementor-element-populated\">\n\t\t\t\t\t\t<div class=\"elementor-element elementor-element-a06bd17 elementor-widget elementor-widget-image\" data-id=\"a06bd17\" data-element_type=\"widget\" data-e-type=\"widget\" data-widget_type=\"image.default\">\n\t\t\t\t<div class=\"elementor-widget-container\">\n\t\t\t\t\t\t\t\t\t\t\t\t\t\t\t<img loading=\"lazy\" decoding=\"async\" width=\"94\" height=\"95\" src=\"https:\/\/pgsim.net\/web\/wp-content\/uploads\/2022\/12\/Trabajadores.png\" class=\"attachment-large size-large wp-image-497\" alt=\"\" \/>\t\t\t\t\t\t\t\t\t\t\t\t\t\t\t<\/div>\n\t\t\t\t<\/div>\n\t\t\t\t<div class=\"elementor-element elementor-element-96e52c8 elementor-widget elementor-widget-heading\" data-id=\"96e52c8\" data-element_type=\"widget\" data-e-type=\"widget\" data-widget_type=\"heading.default\">\n\t\t\t\t<div class=\"elementor-widget-container\">\n\t\t\t\t\t<h2 class=\"elementor-heading-title elementor-size-default\">Trabajadores<\/h2>\t\t\t\t<\/div>\n\t\t\t\t<\/div>\n\t\t\t\t\t<\/div>\n\t\t<\/div>\n\t\t\t\t<div class=\"elementor-column elementor-col-50 elementor-inner-column elementor-element elementor-element-66253ca elementor-invisible\" data-id=\"66253ca\" data-element_type=\"column\" data-e-type=\"column\" data-settings=\"{&quot;animation&quot;:&quot;fadeInRight&quot;}\">\n\t\t\t<div class=\"elementor-widget-wrap elementor-element-populated\">\n\t\t\t\t\t\t<div class=\"elementor-element elementor-element-aa7eaac elementor-widget elementor-widget-image\" data-id=\"aa7eaac\" data-element_type=\"widget\" data-e-type=\"widget\" data-widget_type=\"image.default\">\n\t\t\t\t<div class=\"elementor-widget-container\">\n\t\t\t\t\t\t\t\t\t\t\t\t\t\t\t<img loading=\"lazy\" decoding=\"async\" width=\"94\" height=\"94\" src=\"https:\/\/pgsim.net\/web\/wp-content\/uploads\/2022\/12\/Equipos.png\" class=\"attachment-large size-large wp-image-498\" alt=\"\" \/>\t\t\t\t\t\t\t\t\t\t\t\t\t\t\t<\/div>\n\t\t\t\t<\/div>\n\t\t\t\t<div class=\"elementor-element elementor-element-b77eeee elementor-widget elementor-widget-heading\" data-id=\"b77eeee\" data-element_type=\"widget\" data-e-type=\"widget\" data-widget_type=\"heading.default\">\n\t\t\t\t<div class=\"elementor-widget-container\">\n\t\t\t\t\t<h2 class=\"elementor-heading-title elementor-size-default\">Equipos<\/h2>\t\t\t\t<\/div>\n\t\t\t\t<\/div>\n\t\t\t\t\t<\/div>\n\t\t<\/div>\n\t\t\t\t\t<\/div>\n\t\t<\/section>\n\t\t\t\t\t<\/div>\n\t\t<\/div>\n\t\t\t\t\t<\/div>\n\t\t<\/section>\n\t\t\t\t<\/div>\n\t\t","protected":false},"excerpt":{"rendered":"<p>La opci\u00f3n \u00absubcontratas\u00bb es a elecci\u00f3n de los clientes. Al generar una nueva empresa subcontratada se solicitar\u00e1 de forma autom\u00e1tica [&hellip;]<\/p>\n","protected":false},"author":1,"featured_media":0,"parent":0,"menu_order":0,"comment_status":"closed","ping_status":"closed","template":"","meta":{"om_disable_all_campaigns":false,"_monsterinsights_skip_tracking":false,"_monsterinsights_sitenote_active":false,"_monsterinsights_sitenote_note":"","_monsterinsights_sitenote_category":0,"_uf_show_specific_survey":0,"_uf_disable_surveys":false,"site-sidebar-layout":"default","site-content-layout":"","ast-site-content-layout":"","site-content-style":"default","site-sidebar-style":"default","ast-global-header-display":"","ast-banner-title-visibility":"","ast-main-header-display":"","ast-hfb-above-header-display":"","ast-hfb-below-header-display":"","ast-hfb-mobile-header-display":"","site-post-title":"","ast-breadcrumbs-content":"","ast-featured-img":"","footer-sml-layout":"","theme-transparent-header-meta":"","adv-header-id-meta":"","stick-header-meta":"","header-above-stick-meta":"","header-main-stick-meta":"","header-below-stick-meta":"","astra-migrate-meta-layouts":"default","ast-page-background-enabled":"default","ast-page-background-meta":{"desktop":{"background-color":"var(--ast-global-color-4)","background-image":"","background-repeat":"repeat","background-position":"center center","background-size":"auto","background-attachment":"scroll","background-type":"","background-media":"","overlay-type":"","overlay-color":"","overlay-gradient":""},"tablet":{"background-color":"","background-image":"","background-repeat":"repeat","background-position":"center center","background-size":"auto","background-attachment":"scroll","background-type":"","background-media":"","overlay-type":"","overlay-color":"","overlay-gradient":""},"mobile":{"background-color":"","background-image":"","background-repeat":"repeat","background-position":"center center","background-size":"auto","background-attachment":"scroll","background-type":"","background-media":"","overlay-type":"","overlay-color":"","overlay-gradient":""}},"ast-content-background-meta":{"desktop":{"background-color":"var(--ast-global-color-5)","background-image":"","background-repeat":"repeat","background-position":"center center","background-size":"auto","background-attachment":"scroll","background-type":"","background-media":"","overlay-type":"","overlay-color":"","overlay-gradient":""},"tablet":{"background-color":"var(--ast-global-color-5)","background-image":"","background-repeat":"repeat","background-position":"center center","background-size":"auto","background-attachment":"scroll","background-type":"","background-media":"","overlay-type":"","overlay-color":"","overlay-gradient":""},"mobile":{"background-color":"var(--ast-global-color-5)","background-image":"","background-repeat":"repeat","background-position":"center center","background-size":"auto","background-attachment":"scroll","background-type":"","background-media":"","overlay-type":"","overlay-color":"","overlay-gradient":""}},"footnotes":""},"class_list":["post-468","page","type-page","status-publish","hentry"],"aioseo_notices":[],"yoast_head":"<!-- This site is optimized with the Yoast SEO plugin v27.4 - https:\/\/yoast.com\/product\/yoast-seo-wordpress\/ -->\n<title>Subcontratas -<\/title>\n<meta name=\"robots\" content=\"index, follow, max-snippet:-1, max-image-preview:large, max-video-preview:-1\" \/>\n<link rel=\"canonical\" href=\"https:\/\/pgsim.net\/web\/index.php\/subcontratas\/\" \/>\n<meta property=\"og:locale\" content=\"es_ES\" \/>\n<meta property=\"og:type\" content=\"article\" \/>\n<meta property=\"og:title\" content=\"Subcontratas -\" \/>\n<meta property=\"og:description\" content=\"La opci\u00f3n \u00absubcontratas\u00bb es a elecci\u00f3n de los clientes. Al generar una nueva empresa subcontratada se solicitar\u00e1 de forma autom\u00e1tica [&hellip;]\" \/>\n<meta property=\"og:url\" content=\"https:\/\/pgsim.net\/web\/index.php\/subcontratas\/\" \/>\n<meta property=\"article:modified_time\" content=\"2022-12-20T12:39:28+00:00\" \/>\n<meta property=\"og:image\" content=\"https:\/\/pgsim.net\/web\/wp-content\/uploads\/2022\/12\/Seguridad-Social.png\" \/>\n<meta name=\"twitter:card\" content=\"summary_large_image\" \/>\n<script type=\"application\/ld+json\" class=\"yoast-schema-graph\">{\"@context\":\"https:\\\/\\\/schema.org\",\"@graph\":[{\"@type\":\"WebPage\",\"@id\":\"https:\\\/\\\/pgsim.net\\\/web\\\/index.php\\\/subcontratas\\\/\",\"url\":\"https:\\\/\\\/pgsim.net\\\/web\\\/index.php\\\/subcontratas\\\/\",\"name\":\"Subcontratas -\",\"isPartOf\":{\"@id\":\"https:\\\/\\\/pgsim.net\\\/web\\\/#website\"},\"primaryImageOfPage\":{\"@id\":\"https:\\\/\\\/pgsim.net\\\/web\\\/index.php\\\/subcontratas\\\/#primaryimage\"},\"image\":{\"@id\":\"https:\\\/\\\/pgsim.net\\\/web\\\/index.php\\\/subcontratas\\\/#primaryimage\"},\"thumbnailUrl\":\"https:\\\/\\\/pgsim.net\\\/web\\\/wp-content\\\/uploads\\\/2022\\\/12\\\/Seguridad-Social.png\",\"datePublished\":\"2022-12-20T12:11:21+00:00\",\"dateModified\":\"2022-12-20T12:39:28+00:00\",\"breadcrumb\":{\"@id\":\"https:\\\/\\\/pgsim.net\\\/web\\\/index.php\\\/subcontratas\\\/#breadcrumb\"},\"inLanguage\":\"es\",\"potentialAction\":[{\"@type\":\"ReadAction\",\"target\":[\"https:\\\/\\\/pgsim.net\\\/web\\\/index.php\\\/subcontratas\\\/\"]}]},{\"@type\":\"ImageObject\",\"inLanguage\":\"es\",\"@id\":\"https:\\\/\\\/pgsim.net\\\/web\\\/index.php\\\/subcontratas\\\/#primaryimage\",\"url\":\"https:\\\/\\\/pgsim.net\\\/web\\\/wp-content\\\/uploads\\\/2022\\\/12\\\/Seguridad-Social.png\",\"contentUrl\":\"https:\\\/\\\/pgsim.net\\\/web\\\/wp-content\\\/uploads\\\/2022\\\/12\\\/Seguridad-Social.png\",\"width\":94,\"height\":94},{\"@type\":\"BreadcrumbList\",\"@id\":\"https:\\\/\\\/pgsim.net\\\/web\\\/index.php\\\/subcontratas\\\/#breadcrumb\",\"itemListElement\":[{\"@type\":\"ListItem\",\"position\":1,\"name\":\"Portada\",\"item\":\"https:\\\/\\\/pgsim.net\\\/web\\\/\"},{\"@type\":\"ListItem\",\"position\":2,\"name\":\"Subcontratas\"}]},{\"@type\":\"WebSite\",\"@id\":\"https:\\\/\\\/pgsim.net\\\/web\\\/#website\",\"url\":\"https:\\\/\\\/pgsim.net\\\/web\\\/\",\"name\":\"PGSIM - Programa de Gesti\u00f3n de Seguridad Integral Minera\",\"description\":\"Programa de Gesti\u00f3n de Seguridad Integral Minera\",\"publisher\":{\"@id\":\"https:\\\/\\\/pgsim.net\\\/web\\\/#organization\"},\"alternateName\":\"PGSIM\",\"potentialAction\":[{\"@type\":\"SearchAction\",\"target\":{\"@type\":\"EntryPoint\",\"urlTemplate\":\"https:\\\/\\\/pgsim.net\\\/web\\\/?s={search_term_string}\"},\"query-input\":{\"@type\":\"PropertyValueSpecification\",\"valueRequired\":true,\"valueName\":\"search_term_string\"}}],\"inLanguage\":\"es\"},{\"@type\":\"Organization\",\"@id\":\"https:\\\/\\\/pgsim.net\\\/web\\\/#organization\",\"name\":\"PGSIM\",\"alternateName\":\"Programa de Gesti\u00f3n de Seguridad Integral Minera\",\"url\":\"https:\\\/\\\/pgsim.net\\\/web\\\/\",\"logo\":{\"@type\":\"ImageObject\",\"inLanguage\":\"es\",\"@id\":\"https:\\\/\\\/pgsim.net\\\/web\\\/#\\\/schema\\\/logo\\\/image\\\/\",\"url\":\"https:\\\/\\\/pgsim.net\\\/web\\\/wp-content\\\/uploads\\\/2022\\\/12\\\/cropped-cropped-Logotipo-Negro.png\",\"contentUrl\":\"https:\\\/\\\/pgsim.net\\\/web\\\/wp-content\\\/uploads\\\/2022\\\/12\\\/cropped-cropped-Logotipo-Negro.png\",\"width\":512,\"height\":512,\"caption\":\"PGSIM\"},\"image\":{\"@id\":\"https:\\\/\\\/pgsim.net\\\/web\\\/#\\\/schema\\\/logo\\\/image\\\/\"}}]}<\/script>\n<!-- \/ Yoast SEO plugin. -->","yoast_head_json":{"title":"Subcontratas -","robots":{"index":"index","follow":"follow","max-snippet":"max-snippet:-1","max-image-preview":"max-image-preview:large","max-video-preview":"max-video-preview:-1"},"canonical":"https:\/\/pgsim.net\/web\/index.php\/subcontratas\/","og_locale":"es_ES","og_type":"article","og_title":"Subcontratas -","og_description":"La opci\u00f3n \u00absubcontratas\u00bb es a elecci\u00f3n de los clientes. Al generar una nueva empresa subcontratada se solicitar\u00e1 de forma autom\u00e1tica [&hellip;]","og_url":"https:\/\/pgsim.net\/web\/index.php\/subcontratas\/","article_modified_time":"2022-12-20T12:39:28+00:00","og_image":[{"url":"https:\/\/pgsim.net\/web\/wp-content\/uploads\/2022\/12\/Seguridad-Social.png","type":"","width":"","height":""}],"twitter_card":"summary_large_image","schema":{"@context":"https:\/\/schema.org","@graph":[{"@type":"WebPage","@id":"https:\/\/pgsim.net\/web\/index.php\/subcontratas\/","url":"https:\/\/pgsim.net\/web\/index.php\/subcontratas\/","name":"Subcontratas -","isPartOf":{"@id":"https:\/\/pgsim.net\/web\/#website"},"primaryImageOfPage":{"@id":"https:\/\/pgsim.net\/web\/index.php\/subcontratas\/#primaryimage"},"image":{"@id":"https:\/\/pgsim.net\/web\/index.php\/subcontratas\/#primaryimage"},"thumbnailUrl":"https:\/\/pgsim.net\/web\/wp-content\/uploads\/2022\/12\/Seguridad-Social.png","datePublished":"2022-12-20T12:11:21+00:00","dateModified":"2022-12-20T12:39:28+00:00","breadcrumb":{"@id":"https:\/\/pgsim.net\/web\/index.php\/subcontratas\/#breadcrumb"},"inLanguage":"es","potentialAction":[{"@type":"ReadAction","target":["https:\/\/pgsim.net\/web\/index.php\/subcontratas\/"]}]},{"@type":"ImageObject","inLanguage":"es","@id":"https:\/\/pgsim.net\/web\/index.php\/subcontratas\/#primaryimage","url":"https:\/\/pgsim.net\/web\/wp-content\/uploads\/2022\/12\/Seguridad-Social.png","contentUrl":"https:\/\/pgsim.net\/web\/wp-content\/uploads\/2022\/12\/Seguridad-Social.png","width":94,"height":94},{"@type":"BreadcrumbList","@id":"https:\/\/pgsim.net\/web\/index.php\/subcontratas\/#breadcrumb","itemListElement":[{"@type":"ListItem","position":1,"name":"Portada","item":"https:\/\/pgsim.net\/web\/"},{"@type":"ListItem","position":2,"name":"Subcontratas"}]},{"@type":"WebSite","@id":"https:\/\/pgsim.net\/web\/#website","url":"https:\/\/pgsim.net\/web\/","name":"PGSIM - Programa de Gesti\u00f3n de Seguridad Integral Minera","description":"Programa de Gesti\u00f3n de Seguridad Integral Minera","publisher":{"@id":"https:\/\/pgsim.net\/web\/#organization"},"alternateName":"PGSIM","potentialAction":[{"@type":"SearchAction","target":{"@type":"EntryPoint","urlTemplate":"https:\/\/pgsim.net\/web\/?s={search_term_string}"},"query-input":{"@type":"PropertyValueSpecification","valueRequired":true,"valueName":"search_term_string"}}],"inLanguage":"es"},{"@type":"Organization","@id":"https:\/\/pgsim.net\/web\/#organization","name":"PGSIM","alternateName":"Programa de Gesti\u00f3n de Seguridad Integral Minera","url":"https:\/\/pgsim.net\/web\/","logo":{"@type":"ImageObject","inLanguage":"es","@id":"https:\/\/pgsim.net\/web\/#\/schema\/logo\/image\/","url":"https:\/\/pgsim.net\/web\/wp-content\/uploads\/2022\/12\/cropped-cropped-Logotipo-Negro.png","contentUrl":"https:\/\/pgsim.net\/web\/wp-content\/uploads\/2022\/12\/cropped-cropped-Logotipo-Negro.png","width":512,"height":512,"caption":"PGSIM"},"image":{"@id":"https:\/\/pgsim.net\/web\/#\/schema\/logo\/image\/"}}]}},"_links":{"self":[{"href":"https:\/\/pgsim.net\/web\/index.php\/wp-json\/wp\/v2\/pages\/468","targetHints":{"allow":["GET"]}}],"collection":[{"href":"https:\/\/pgsim.net\/web\/index.php\/wp-json\/wp\/v2\/pages"}],"about":[{"href":"https:\/\/pgsim.net\/web\/index.php\/wp-json\/wp\/v2\/types\/page"}],"author":[{"embeddable":true,"href":"https:\/\/pgsim.net\/web\/index.php\/wp-json\/wp\/v2\/users\/1"}],"replies":[{"embeddable":true,"href":"https:\/\/pgsim.net\/web\/index.php\/wp-json\/wp\/v2\/comments?post=468"}],"version-history":[{"count":40,"href":"https:\/\/pgsim.net\/web\/index.php\/wp-json\/wp\/v2\/pages\/468\/revisions"}],"predecessor-version":[{"id":520,"href":"https:\/\/pgsim.net\/web\/index.php\/wp-json\/wp\/v2\/pages\/468\/revisions\/520"}],"wp:attachment":[{"href":"https:\/\/pgsim.net\/web\/index.php\/wp-json\/wp\/v2\/media?parent=468"}],"curies":[{"name":"wp","href":"https:\/\/api.w.org\/{rel}","templated":true}]}}