{"id":529,"date":"2022-12-21T11:08:04","date_gmt":"2022-12-21T11:08:04","guid":{"rendered":"https:\/\/pgsim.net\/web\/?page_id=529"},"modified":"2022-12-21T16:08:08","modified_gmt":"2022-12-21T16:08:08","slug":"politica-de-cookies","status":"publish","type":"page","link":"https:\/\/pgsim.net\/web\/index.php\/politica-de-cookies\/","title":{"rendered":"Pol\u00edtica de Cookies"},"content":{"rendered":"\t\t<div data-elementor-type=\"wp-page\" data-elementor-id=\"529\" class=\"elementor elementor-529\">\n\t\t\t\t\t\t<section class=\"elementor-section elementor-top-section elementor-element elementor-element-5bf11af elementor-section-boxed elementor-section-height-default elementor-section-height-default\" data-id=\"5bf11af\" data-element_type=\"section\" data-e-type=\"section\">\n\t\t\t\t\t\t<div class=\"elementor-container elementor-column-gap-default\">\n\t\t\t\t\t<div class=\"elementor-column elementor-col-100 elementor-top-column elementor-element elementor-element-f812601\" data-id=\"f812601\" data-element_type=\"column\" data-e-type=\"column\">\n\t\t\t<div class=\"elementor-widget-wrap elementor-element-populated\">\n\t\t\t\t\t\t<div class=\"elementor-element elementor-element-01c9459 elementor-widget elementor-widget-text-editor\" data-id=\"01c9459\" data-element_type=\"widget\" data-e-type=\"widget\" data-widget_type=\"text-editor.default\">\n\t\t\t\t<div class=\"elementor-widget-container\">\n\t\t\t\t\t\t\t\t\t<p>Fecha de vigencia: 21 de diciembre de 2022<br>\u00daltima actualizaci\u00f3n: 21 de diciembre de 2022<\/p>\n<h5>\u00bfQu\u00e9 son las cookies?<\/h5>\n<div>\n<p>Esta Pol\u00edtica de cookies explica qu\u00e9 son las cookies y c\u00f3mo las usamos, los tipos de cookies que usamos, es decir, la informaci\u00f3n que recopilamos usando cookies y c\u00f3mo se usa esa informaci\u00f3n, y c\u00f3mo administrar la configuraci\u00f3n de cookies.<\/p>\n<p>Las cookies son peque\u00f1os archivos de texto que se utilizan para almacenar peque\u00f1os fragmentos de informaci\u00f3n.&nbsp;Se almacenan en su dispositivo cuando el sitio web se carga en su navegador.&nbsp;Estas cookies nos ayudan a hacer que el sitio web funcione correctamente, hacerlo m\u00e1s seguro, brindar una mejor experiencia de usuario y comprender c\u00f3mo funciona el sitio web y analizar qu\u00e9 funciona y d\u00f3nde necesita mejorar.<\/p>\n<\/div>\n<h5><span style=\"font-size: 0.8125rem; letter-spacing: 0.15em; font-family: var( --e-global-typography-text-font-family ), Sans-serif;\">\u00bf<\/span>C\u00f3mo usamos las cookies?<\/h5>\n<div>\n<p>Como la mayor\u00eda de los servicios en l\u00ednea, nuestro sitio web utiliza cookies propias y de terceros para varios prop\u00f3sitos.&nbsp;Las cookies de origen son en su mayor\u00eda necesarias para que el sitio web funcione correctamente y no recopilan ninguno de sus datos de identificaci\u00f3n personal.<\/p>\n<p>Las cookies de terceros utilizadas en nuestro sitio web son principalmente para comprender c\u00f3mo funciona el sitio web, c\u00f3mo interact\u00faa con nuestro sitio web, mantener nuestros servicios seguros, proporcionar anuncios que son relevantes para usted y, en general, brindarle un usuario mejor y mejorado. experimentar y ayudar a acelerar sus futuras interacciones con nuestro sitio web.<\/p>\n<h5><span style=\"font-size: 0.8125rem; letter-spacing: 0.15em; font-family: var( --e-global-typography-text-font-family ), Sans-serif;\">\u00bf<\/span>QU\u00c9 TIPO DE COOKIES UTILIZAMOS?<\/h5>\n<div><br><\/div>\n<div>\n<div>Necesarias:<\/div>\n<div>Se requieren cookies necesarias para habilitar las funciones b\u00e1sicas de este sitio, como proporcionar un inicio de sesi\u00f3n seguro o ajustar sus preferencias de consentimiento. Estas cookies no almacenan ning\u00fan dato de identificaci\u00f3n personal.<\/div>\n<div><br><\/div>\n<div>Funcional:<\/div>\n<div>Las cookies funcionales ayudan a realizar ciertas funciones, como compartir el contenido del sitio web en plataformas de redes sociales, recopilar comentarios y otras funciones de terceros.<\/div>\n<div><br><\/div>\n<div>Anal\u00edtica:<\/div>\n<div>Las cookies anal\u00edticas se utilizan para comprender c\u00f3mo interact\u00faan los visitantes con el sitio web. Estas cookies ayudan a proporcionar informaci\u00f3n sobre m\u00e9tricas como el n\u00famero de visitantes, la tasa de rebote, la fuente de tr\u00e1fico, etc.<\/div>\n<div><br><\/div>\n<div>Rendimiento:<\/div>\n<div>Las cookies de rendimiento se utilizan para comprender y analizar los \u00edndices clave de rendimiento del sitio web, lo que ayuda a brindar una mejor experiencia de usuario a los visitantes.<\/div>\n<div><br><\/div>\n<div>Anuncio:<\/div>\n<div>Las cookies publicitarias se utilizan para proporcionar a los visitantes anuncios personalizados basados en las p\u00e1ginas que visitaron anteriormente y para analizar la eficacia de las campa\u00f1as publicitarias.<\/div>\n<\/div>\n<\/div>\n<h5>Administrar preferencias de cookies<\/h5>\n<p><a>Configuraci\u00f3n de cookies<\/a><\/p>\n<div>\n<p>Puede cambiar sus preferencias de cookies en cualquier momento haciendo clic en el bot\u00f3n de arriba.&nbsp;Esto le permitir\u00e1 volver a visitar el banner de consentimiento de cookies y cambiar sus preferencias o retirar su consentimiento de inmediato.<\/p>\n<p>Adem\u00e1s de esto, los diferentes navegadores brindan diferentes m\u00e9todos para bloquear y eliminar las cookies utilizadas por los sitios web.&nbsp;Puede cambiar la configuraci\u00f3n de su navegador para bloquear\/eliminar las cookies.&nbsp;A continuaci\u00f3n se enumeran los enlaces a los documentos de soporte sobre c\u00f3mo administrar y eliminar las cookies de los principales navegadores web.<\/p>\n<p>Chrome:&nbsp;<a href=\"https:\/\/support.google.com\/accounts\/answer\/32050\" target=\"_blank\" rel=\"noopener noreferrer\">https:\/\/support.google.com\/accounts\/answer\/32050<\/a><\/p>\n<p>Safari:&nbsp;<a href=\"https:\/\/support.apple.com\/en-in\/guide\/safari\/sfri11471\/mac\" target=\"_blank\" rel=\"noopener noreferrer\">https:\/\/support.apple.com\/en-in\/guide\/safari\/sfri11471\/mac<\/a><\/p>\n<p>Firefox:&nbsp;<a href=\"https:\/\/support.mozilla.org\/en-US\/kb\/clear-cookies-and-site-data-firefox?redirectslug=delete-cookies-remove-info-websites-stored&amp;redirectlocale=en-US\" target=\"_blank\" rel=\"noopener noreferrer\">https:\/\/support.mozilla.org\/en-US\/kb\/clear-cookies-and-site-data-firefox?redirectslug=delete-cookies-remove-info-websites-stored&amp;redirectlocale=en-US<\/a><\/p>\n<p>Internet Explorer:&nbsp;<a href=\"https:\/\/support.microsoft.com\/en-us\/topic\/how-to-delete-cookie-files-in-internet-explorer-bca9446f-d873-78de-77ba-d42645fa52fc\" target=\"_blank\" rel=\"noopener noreferrer\">https:\/\/support.microsoft.com\/en-us\/topic\/how-to-delete-cookie-files-in-internet-explorer-bca9446f-d873-78de-77ba-d42645fa52fc<\/a><\/p>\n<p>Si est\u00e1 utilizando cualquier otro navegador web, visite los documentos de soporte oficiales de su navegador.<\/p>\n<\/div>\t\t\t\t\t\t\t\t<\/div>\n\t\t\t\t<\/div>\n\t\t\t\t\t<\/div>\n\t\t<\/div>\n\t\t\t\t\t<\/div>\n\t\t<\/section>\n\t\t\t\t<\/div>\n\t\t","protected":false},"excerpt":{"rendered":"<p>Fecha de vigencia: 21 de diciembre de 2022\u00daltima actualizaci\u00f3n: 21 de diciembre de 2022 \u00bfQu\u00e9 son las cookies? Esta Pol\u00edtica [&hellip;]<\/p>\n","protected":false},"author":1,"featured_media":0,"parent":0,"menu_order":0,"comment_status":"closed","ping_status":"closed","template":"","meta":{"om_disable_all_campaigns":false,"_monsterinsights_skip_tracking":false,"_monsterinsights_sitenote_active":false,"_monsterinsights_sitenote_note":"","_monsterinsights_sitenote_category":0,"_uf_show_specific_survey":0,"_uf_disable_surveys":false,"site-sidebar-layout":"default","site-content-layout":"","ast-site-content-layout":"","site-content-style":"default","site-sidebar-style":"default","ast-global-header-display":"","ast-banner-title-visibility":"","ast-main-header-display":"","ast-hfb-above-header-display":"","ast-hfb-below-header-display":"","ast-hfb-mobile-header-display":"","site-post-title":"","ast-breadcrumbs-content":"","ast-featured-img":"","footer-sml-layout":"","theme-transparent-header-meta":"","adv-header-id-meta":"","stick-header-meta":"","header-above-stick-meta":"","header-main-stick-meta":"","header-below-stick-meta":"","astra-migrate-meta-layouts":"default","ast-page-background-enabled":"default","ast-page-background-meta":{"desktop":{"background-color":"var(--ast-global-color-4)","background-image":"","background-repeat":"repeat","background-position":"center center","background-size":"auto","background-attachment":"scroll","background-type":"","background-media":"","overlay-type":"","overlay-color":"","overlay-gradient":""},"tablet":{"background-color":"","background-image":"","background-repeat":"repeat","background-position":"center center","background-size":"auto","background-attachment":"scroll","background-type":"","background-media":"","overlay-type":"","overlay-color":"","overlay-gradient":""},"mobile":{"background-color":"","background-image":"","background-repeat":"repeat","background-position":"center center","background-size":"auto","background-attachment":"scroll","background-type":"","background-media":"","overlay-type":"","overlay-color":"","overlay-gradient":""}},"ast-content-background-meta":{"desktop":{"background-color":"var(--ast-global-color-5)","background-image":"","background-repeat":"repeat","background-position":"center center","background-size":"auto","background-attachment":"scroll","background-type":"","background-media":"","overlay-type":"","overlay-color":"","overlay-gradient":""},"tablet":{"background-color":"var(--ast-global-color-5)","background-image":"","background-repeat":"repeat","background-position":"center center","background-size":"auto","background-attachment":"scroll","background-type":"","background-media":"","overlay-type":"","overlay-color":"","overlay-gradient":""},"mobile":{"background-color":"var(--ast-global-color-5)","background-image":"","background-repeat":"repeat","background-position":"center center","background-size":"auto","background-attachment":"scroll","background-type":"","background-media":"","overlay-type":"","overlay-color":"","overlay-gradient":""}},"footnotes":""},"class_list":["post-529","page","type-page","status-publish","hentry"],"aioseo_notices":[],"yoast_head":"<!-- This site is optimized with the Yoast SEO plugin v27.4 - https:\/\/yoast.com\/product\/yoast-seo-wordpress\/ -->\n<title>Pol\u00edtica de Cookies -<\/title>\n<meta name=\"robots\" content=\"index, follow, max-snippet:-1, max-image-preview:large, max-video-preview:-1\" \/>\n<link rel=\"canonical\" href=\"https:\/\/pgsim.net\/web\/index.php\/politica-de-cookies\/\" \/>\n<meta property=\"og:locale\" content=\"es_ES\" \/>\n<meta property=\"og:type\" content=\"article\" \/>\n<meta property=\"og:title\" content=\"Pol\u00edtica de Cookies -\" \/>\n<meta property=\"og:description\" content=\"Fecha de vigencia: 21 de diciembre de 2022\u00daltima actualizaci\u00f3n: 21 de diciembre de 2022 \u00bfQu\u00e9 son las cookies? Esta Pol\u00edtica [&hellip;]\" \/>\n<meta property=\"og:url\" content=\"https:\/\/pgsim.net\/web\/index.php\/politica-de-cookies\/\" \/>\n<meta property=\"article:modified_time\" content=\"2022-12-21T16:08:08+00:00\" \/>\n<meta name=\"twitter:card\" content=\"summary_large_image\" \/>\n<meta name=\"twitter:label1\" content=\"Tiempo de lectura\" \/>\n\t<meta name=\"twitter:data1\" content=\"3 minutos\" \/>\n<script type=\"application\/ld+json\" class=\"yoast-schema-graph\">{\"@context\":\"https:\\\/\\\/schema.org\",\"@graph\":[{\"@type\":\"WebPage\",\"@id\":\"https:\\\/\\\/pgsim.net\\\/web\\\/index.php\\\/politica-de-cookies\\\/\",\"url\":\"https:\\\/\\\/pgsim.net\\\/web\\\/index.php\\\/politica-de-cookies\\\/\",\"name\":\"Pol\u00edtica de Cookies -\",\"isPartOf\":{\"@id\":\"https:\\\/\\\/pgsim.net\\\/web\\\/#website\"},\"datePublished\":\"2022-12-21T11:08:04+00:00\",\"dateModified\":\"2022-12-21T16:08:08+00:00\",\"breadcrumb\":{\"@id\":\"https:\\\/\\\/pgsim.net\\\/web\\\/index.php\\\/politica-de-cookies\\\/#breadcrumb\"},\"inLanguage\":\"es\",\"potentialAction\":[{\"@type\":\"ReadAction\",\"target\":[\"https:\\\/\\\/pgsim.net\\\/web\\\/index.php\\\/politica-de-cookies\\\/\"]}]},{\"@type\":\"BreadcrumbList\",\"@id\":\"https:\\\/\\\/pgsim.net\\\/web\\\/index.php\\\/politica-de-cookies\\\/#breadcrumb\",\"itemListElement\":[{\"@type\":\"ListItem\",\"position\":1,\"name\":\"Portada\",\"item\":\"https:\\\/\\\/pgsim.net\\\/web\\\/\"},{\"@type\":\"ListItem\",\"position\":2,\"name\":\"Pol\u00edtica de Cookies\"}]},{\"@type\":\"WebSite\",\"@id\":\"https:\\\/\\\/pgsim.net\\\/web\\\/#website\",\"url\":\"https:\\\/\\\/pgsim.net\\\/web\\\/\",\"name\":\"PGSIM - Programa de Gesti\u00f3n de Seguridad Integral Minera\",\"description\":\"Programa de Gesti\u00f3n de Seguridad Integral Minera\",\"publisher\":{\"@id\":\"https:\\\/\\\/pgsim.net\\\/web\\\/#organization\"},\"alternateName\":\"PGSIM\",\"potentialAction\":[{\"@type\":\"SearchAction\",\"target\":{\"@type\":\"EntryPoint\",\"urlTemplate\":\"https:\\\/\\\/pgsim.net\\\/web\\\/?s={search_term_string}\"},\"query-input\":{\"@type\":\"PropertyValueSpecification\",\"valueRequired\":true,\"valueName\":\"search_term_string\"}}],\"inLanguage\":\"es\"},{\"@type\":\"Organization\",\"@id\":\"https:\\\/\\\/pgsim.net\\\/web\\\/#organization\",\"name\":\"PGSIM\",\"alternateName\":\"Programa de Gesti\u00f3n de Seguridad Integral Minera\",\"url\":\"https:\\\/\\\/pgsim.net\\\/web\\\/\",\"logo\":{\"@type\":\"ImageObject\",\"inLanguage\":\"es\",\"@id\":\"https:\\\/\\\/pgsim.net\\\/web\\\/#\\\/schema\\\/logo\\\/image\\\/\",\"url\":\"https:\\\/\\\/pgsim.net\\\/web\\\/wp-content\\\/uploads\\\/2022\\\/12\\\/cropped-cropped-Logotipo-Negro.png\",\"contentUrl\":\"https:\\\/\\\/pgsim.net\\\/web\\\/wp-content\\\/uploads\\\/2022\\\/12\\\/cropped-cropped-Logotipo-Negro.png\",\"width\":512,\"height\":512,\"caption\":\"PGSIM\"},\"image\":{\"@id\":\"https:\\\/\\\/pgsim.net\\\/web\\\/#\\\/schema\\\/logo\\\/image\\\/\"}}]}<\/script>\n<!-- \/ Yoast SEO plugin. -->","yoast_head_json":{"title":"Pol\u00edtica de Cookies -","robots":{"index":"index","follow":"follow","max-snippet":"max-snippet:-1","max-image-preview":"max-image-preview:large","max-video-preview":"max-video-preview:-1"},"canonical":"https:\/\/pgsim.net\/web\/index.php\/politica-de-cookies\/","og_locale":"es_ES","og_type":"article","og_title":"Pol\u00edtica de Cookies -","og_description":"Fecha de vigencia: 21 de diciembre de 2022\u00daltima actualizaci\u00f3n: 21 de diciembre de 2022 \u00bfQu\u00e9 son las cookies? Esta Pol\u00edtica [&hellip;]","og_url":"https:\/\/pgsim.net\/web\/index.php\/politica-de-cookies\/","article_modified_time":"2022-12-21T16:08:08+00:00","twitter_card":"summary_large_image","twitter_misc":{"Tiempo de lectura":"3 minutos"},"schema":{"@context":"https:\/\/schema.org","@graph":[{"@type":"WebPage","@id":"https:\/\/pgsim.net\/web\/index.php\/politica-de-cookies\/","url":"https:\/\/pgsim.net\/web\/index.php\/politica-de-cookies\/","name":"Pol\u00edtica de Cookies -","isPartOf":{"@id":"https:\/\/pgsim.net\/web\/#website"},"datePublished":"2022-12-21T11:08:04+00:00","dateModified":"2022-12-21T16:08:08+00:00","breadcrumb":{"@id":"https:\/\/pgsim.net\/web\/index.php\/politica-de-cookies\/#breadcrumb"},"inLanguage":"es","potentialAction":[{"@type":"ReadAction","target":["https:\/\/pgsim.net\/web\/index.php\/politica-de-cookies\/"]}]},{"@type":"BreadcrumbList","@id":"https:\/\/pgsim.net\/web\/index.php\/politica-de-cookies\/#breadcrumb","itemListElement":[{"@type":"ListItem","position":1,"name":"Portada","item":"https:\/\/pgsim.net\/web\/"},{"@type":"ListItem","position":2,"name":"Pol\u00edtica de Cookies"}]},{"@type":"WebSite","@id":"https:\/\/pgsim.net\/web\/#website","url":"https:\/\/pgsim.net\/web\/","name":"PGSIM - Programa de Gesti\u00f3n de Seguridad Integral Minera","description":"Programa de Gesti\u00f3n de Seguridad Integral Minera","publisher":{"@id":"https:\/\/pgsim.net\/web\/#organization"},"alternateName":"PGSIM","potentialAction":[{"@type":"SearchAction","target":{"@type":"EntryPoint","urlTemplate":"https:\/\/pgsim.net\/web\/?s={search_term_string}"},"query-input":{"@type":"PropertyValueSpecification","valueRequired":true,"valueName":"search_term_string"}}],"inLanguage":"es"},{"@type":"Organization","@id":"https:\/\/pgsim.net\/web\/#organization","name":"PGSIM","alternateName":"Programa de Gesti\u00f3n de Seguridad Integral Minera","url":"https:\/\/pgsim.net\/web\/","logo":{"@type":"ImageObject","inLanguage":"es","@id":"https:\/\/pgsim.net\/web\/#\/schema\/logo\/image\/","url":"https:\/\/pgsim.net\/web\/wp-content\/uploads\/2022\/12\/cropped-cropped-Logotipo-Negro.png","contentUrl":"https:\/\/pgsim.net\/web\/wp-content\/uploads\/2022\/12\/cropped-cropped-Logotipo-Negro.png","width":512,"height":512,"caption":"PGSIM"},"image":{"@id":"https:\/\/pgsim.net\/web\/#\/schema\/logo\/image\/"}}]}},"_links":{"self":[{"href":"https:\/\/pgsim.net\/web\/index.php\/wp-json\/wp\/v2\/pages\/529","targetHints":{"allow":["GET"]}}],"collection":[{"href":"https:\/\/pgsim.net\/web\/index.php\/wp-json\/wp\/v2\/pages"}],"about":[{"href":"https:\/\/pgsim.net\/web\/index.php\/wp-json\/wp\/v2\/types\/page"}],"author":[{"embeddable":true,"href":"https:\/\/pgsim.net\/web\/index.php\/wp-json\/wp\/v2\/users\/1"}],"replies":[{"embeddable":true,"href":"https:\/\/pgsim.net\/web\/index.php\/wp-json\/wp\/v2\/comments?post=529"}],"version-history":[{"count":11,"href":"https:\/\/pgsim.net\/web\/index.php\/wp-json\/wp\/v2\/pages\/529\/revisions"}],"predecessor-version":[{"id":603,"href":"https:\/\/pgsim.net\/web\/index.php\/wp-json\/wp\/v2\/pages\/529\/revisions\/603"}],"wp:attachment":[{"href":"https:\/\/pgsim.net\/web\/index.php\/wp-json\/wp\/v2\/media?parent=529"}],"curies":[{"name":"wp","href":"https:\/\/api.w.org\/{rel}","templated":true}]}}