{"id":598,"date":"2023-02-16T14:27:17","date_gmt":"2023-02-16T14:27:17","guid":{"rendered":"https:\/\/pgsim.net\/web\/?page_id=598"},"modified":"2023-02-22T15:50:54","modified_gmt":"2023-02-22T15:50:54","slug":"aviso-legal","status":"publish","type":"page","link":"https:\/\/pgsim.net\/web\/index.php\/aviso-legal\/","title":{"rendered":"Aviso Legal"},"content":{"rendered":"\t\t<div data-elementor-type=\"wp-page\" data-elementor-id=\"598\" class=\"elementor elementor-598\">\n\t\t\t\t\t\t<section class=\"elementor-section elementor-top-section elementor-element elementor-element-9ce9915 elementor-section-boxed elementor-section-height-default elementor-section-height-default\" data-id=\"9ce9915\" data-element_type=\"section\" data-e-type=\"section\">\n\t\t\t\t\t\t<div class=\"elementor-container elementor-column-gap-default\">\n\t\t\t\t\t<div class=\"elementor-column elementor-col-100 elementor-top-column elementor-element elementor-element-e703f53\" data-id=\"e703f53\" data-element_type=\"column\" data-e-type=\"column\">\n\t\t\t<div class=\"elementor-widget-wrap elementor-element-populated\">\n\t\t\t\t\t\t<div class=\"elementor-element elementor-element-f358f3d elementor-widget elementor-widget-text-editor\" data-id=\"f358f3d\" data-element_type=\"widget\" data-e-type=\"widget\" data-widget_type=\"text-editor.default\">\n\t\t\t\t<div class=\"elementor-widget-container\">\n\t\t\t\t\t\t\t\t\t<p>El presente&nbsp;<strong>AVISO LEGAL<\/strong>&nbsp;regula los derechos y obligaciones del&nbsp;<strong>pgsim.es<\/strong>&nbsp;y de los usuarios, en relaci\u00f3n al acceso, navegaci\u00f3n y utilizaci\u00f3n de la presente web sin perjuicio de que&nbsp;&nbsp;<span style=\"font-weight: 700;\">pgsim.es<\/span>&nbsp;se reserve el derecho a modificar, sin previo aviso, su contenido, siendo vigentes las que se encuentren publicadas en el momento de navegaci\u00f3n.<\/p>\n<p>Mediante la navegaci\u00f3n, visualizaci\u00f3n y uso de esta web adquieres la condici\u00f3n de usuario, y por tanto implica por tu parte la aceptaci\u00f3n expresa de todas las cl\u00e1usulas que indicamos en el presente Aviso Legal, as\u00ed como el resto de advertencias o cl\u00e1usulas espec\u00edficas que se establezcan en las diferentes secciones para la contrataci\u00f3n, uso de servicios, productos, inscripciones, o secciones de la P\u00e1gina.<\/p>\n<p>Por lo que en caso de no aceptar las cl\u00e1usulas establecidas en el presente Aviso Legal, deber\u00e1s abstenerte de acceder y\/o utilizar los servicios y\/o contenidos puestos a tu disposici\u00f3n en la P\u00e1gina, procediendo a abandonar la misma.<\/p>\n<p><span style=\"font-weight: 700; font-size: 1rem;\">pgsim.es<\/span>&nbsp;podr\u00e1 dar por terminado, suspender o interrumpir, en cualquier momento sin necesidad de previo aviso, el acceso a los contenidos de la p\u00e1gina, sin posibilidad por parte del Usuario de exigir indemnizaci\u00f3n alguna. No obstante, en el caso de cierre de la plataforma, se tratar\u00e1 de devolver todo pago que se haya realizado por suscripciones anuales no completadas.<\/p>\n<p><b><u>Informaci\u00f3n Personal y F\u00edsica del Responsable de la Web<\/u><\/b><\/p>\n<p>\u00b7&nbsp;&nbsp;&nbsp;&nbsp;&nbsp;&nbsp;&nbsp;Identidad del Responsable:&nbsp;<b style=\"font-size: 1rem;\">IMSMP, SL.<\/b><\/p>\n<p><b><o:p><\/o:p><\/b><\/p>\n<p>\u00b7&nbsp;&nbsp;&nbsp;&nbsp;&nbsp;&nbsp;&nbsp;Nombre comercial: PGSIM<\/p>\n<p>\u00b7&nbsp;&nbsp;&nbsp;&nbsp;&nbsp;&nbsp;&nbsp;NIF\/CIF:&nbsp;<span style=\"font-size: 1rem;\">B44729010<\/span><\/p>\n<p><o:p><\/o:p><\/p>\n<p>\u00b7&nbsp;&nbsp;&nbsp;&nbsp;&nbsp;&nbsp;&nbsp;Direcci\u00f3n:&nbsp;<span style=\"font-size: 1rem;\">Calle Espa\u00f1a, 5 (<\/span><span style=\"font-size: 1rem;\">24395) Celad,\nSan Justo de la Vega, Le\u00f3n<\/span><\/p><p><o:p><\/o:p><\/p>\n<p><o:p><\/o:p><\/p>\n<p>\u00b7&nbsp;&nbsp;&nbsp;&nbsp;&nbsp;&nbsp;&nbsp;Correo electr\u00f3nico:&nbsp;info@pgsim.es<\/p>\n<p><b><u>Forma de Ingresos<\/u><\/b><\/p>\n<p>La web de&nbsp;<span style=\"font-weight: 700;\">pgsim.es<\/span><strong>&nbsp;<\/strong>es una p\u00e1gina corporativa que no genera de ingresos de forma online.<\/p>\n<p><b><u>Caracter\u00edsticas de los Bienes o Servicios<\/u><\/b><\/p>\n<p>Proporcionamos soluciones innovadoras en el \u00e1mbito de la seguridad, es decir, hemos desarrollado un software para gestionar toda la parte de seguridad de una empresa.<\/p>\n<p><b><u>T\u00e9rminos de Uso<\/u><\/b><\/p>\n<p>1.&nbsp;&nbsp;&nbsp;&nbsp;&nbsp;Si navega por esta web acepta t\u00e1citamente los t\u00e9rminos de uso y los t\u00e9rminos de privacidad, as\u00ed como declara haber le\u00eddo el aviso legal.<\/p>\n<p>2.&nbsp;&nbsp;&nbsp;&nbsp;&nbsp;Ni esta web ni sus representantes legales se hacen responsables ni del contenido ni de la veracidad de las pol\u00edticas de privacidad que puedan tener servicios terceros ajenos a esta web.<\/p>\n<p>3.&nbsp;&nbsp;&nbsp;&nbsp;&nbsp;Queda expresamente prohibida la copia o transcripci\u00f3n completa o parcial de cualquier texto de esta web para cualquier uso. Los textos de esta web est\u00e1n hechos s\u00f3lo para ser le\u00eddos, abst\u00e9nganse de usarlos para cualquier otro fin.<\/p>\n<p>4.&nbsp;&nbsp;&nbsp;&nbsp;&nbsp;Queda expresamente prohibida la copia o descarga de las im\u00e1genes de esta web.<\/p>\n<p>5.&nbsp;&nbsp;&nbsp;&nbsp;&nbsp;No est\u00e1 permitido el hotlinking de las im\u00e1genes de esta web.<\/p>\n<p>6.&nbsp;&nbsp;&nbsp;&nbsp;&nbsp;S\u00ed est\u00e1 permitido copiar y utilizar las estructuras HTML y estilos CSS utilizados en esta web, siempre que sea de forma parcial y nunca la totalidad del formato generando una web id\u00e9ntica a esta misma.<\/p>\n<p>7.&nbsp;&nbsp;&nbsp;En el caso de incumplimiento de estas condiciones, nos podemos ver obligados a tomar medidas legales oportunas.<\/p>\t\t\t\t\t\t\t\t<\/div>\n\t\t\t\t<\/div>\n\t\t\t\t\t<\/div>\n\t\t<\/div>\n\t\t\t\t\t<\/div>\n\t\t<\/section>\n\t\t\t\t<\/div>\n\t\t","protected":false},"excerpt":{"rendered":"<p>El presente&nbsp;AVISO LEGAL&nbsp;regula los derechos y obligaciones del&nbsp;pgsim.es&nbsp;y de los usuarios, en relaci\u00f3n al acceso, navegaci\u00f3n y utilizaci\u00f3n de la [&hellip;]<\/p>\n","protected":false},"author":1,"featured_media":0,"parent":0,"menu_order":0,"comment_status":"closed","ping_status":"closed","template":"","meta":{"om_disable_all_campaigns":false,"_monsterinsights_skip_tracking":false,"_monsterinsights_sitenote_active":false,"_monsterinsights_sitenote_note":"","_monsterinsights_sitenote_category":0,"_uf_show_specific_survey":0,"_uf_disable_surveys":false,"site-sidebar-layout":"default","site-content-layout":"","ast-site-content-layout":"","site-content-style":"default","site-sidebar-style":"default","ast-global-header-display":"","ast-banner-title-visibility":"","ast-main-header-display":"","ast-hfb-above-header-display":"","ast-hfb-below-header-display":"","ast-hfb-mobile-header-display":"","site-post-title":"","ast-breadcrumbs-content":"","ast-featured-img":"","footer-sml-layout":"","theme-transparent-header-meta":"","adv-header-id-meta":"","stick-header-meta":"","header-above-stick-meta":"","header-main-stick-meta":"","header-below-stick-meta":"","astra-migrate-meta-layouts":"default","ast-page-background-enabled":"default","ast-page-background-meta":{"desktop":{"background-color":"var(--ast-global-color-4)","background-image":"","background-repeat":"repeat","background-position":"center center","background-size":"auto","background-attachment":"scroll","background-type":"","background-media":"","overlay-type":"","overlay-color":"","overlay-gradient":""},"tablet":{"background-color":"","background-image":"","background-repeat":"repeat","background-position":"center center","background-size":"auto","background-attachment":"scroll","background-type":"","background-media":"","overlay-type":"","overlay-color":"","overlay-gradient":""},"mobile":{"background-color":"","background-image":"","background-repeat":"repeat","background-position":"center center","background-size":"auto","background-attachment":"scroll","background-type":"","background-media":"","overlay-type":"","overlay-color":"","overlay-gradient":""}},"ast-content-background-meta":{"desktop":{"background-color":"var(--ast-global-color-5)","background-image":"","background-repeat":"repeat","background-position":"center center","background-size":"auto","background-attachment":"scroll","background-type":"","background-media":"","overlay-type":"","overlay-color":"","overlay-gradient":""},"tablet":{"background-color":"var(--ast-global-color-5)","background-image":"","background-repeat":"repeat","background-position":"center center","background-size":"auto","background-attachment":"scroll","background-type":"","background-media":"","overlay-type":"","overlay-color":"","overlay-gradient":""},"mobile":{"background-color":"var(--ast-global-color-5)","background-image":"","background-repeat":"repeat","background-position":"center center","background-size":"auto","background-attachment":"scroll","background-type":"","background-media":"","overlay-type":"","overlay-color":"","overlay-gradient":""}},"footnotes":""},"class_list":["post-598","page","type-page","status-publish","hentry"],"aioseo_notices":[],"yoast_head":"<!-- This site is optimized with the Yoast SEO plugin v27.4 - https:\/\/yoast.com\/product\/yoast-seo-wordpress\/ -->\n<title>Aviso Legal -<\/title>\n<meta name=\"robots\" content=\"index, follow, max-snippet:-1, max-image-preview:large, max-video-preview:-1\" \/>\n<link rel=\"canonical\" href=\"https:\/\/pgsim.net\/web\/index.php\/aviso-legal\/\" \/>\n<meta property=\"og:locale\" content=\"es_ES\" \/>\n<meta property=\"og:type\" content=\"article\" \/>\n<meta property=\"og:title\" content=\"Aviso Legal -\" \/>\n<meta property=\"og:description\" content=\"El presente&nbsp;AVISO LEGAL&nbsp;regula los derechos y obligaciones del&nbsp;pgsim.es&nbsp;y de los usuarios, en relaci\u00f3n al acceso, navegaci\u00f3n y utilizaci\u00f3n de la [&hellip;]\" \/>\n<meta property=\"og:url\" content=\"https:\/\/pgsim.net\/web\/index.php\/aviso-legal\/\" \/>\n<meta property=\"article:modified_time\" content=\"2023-02-22T15:50:54+00:00\" \/>\n<meta name=\"twitter:card\" content=\"summary_large_image\" \/>\n<meta name=\"twitter:label1\" content=\"Tiempo de lectura\" \/>\n\t<meta name=\"twitter:data1\" content=\"3 minutos\" \/>\n<script type=\"application\/ld+json\" class=\"yoast-schema-graph\">{\"@context\":\"https:\\\/\\\/schema.org\",\"@graph\":[{\"@type\":\"WebPage\",\"@id\":\"https:\\\/\\\/pgsim.net\\\/web\\\/index.php\\\/aviso-legal\\\/\",\"url\":\"https:\\\/\\\/pgsim.net\\\/web\\\/index.php\\\/aviso-legal\\\/\",\"name\":\"Aviso Legal -\",\"isPartOf\":{\"@id\":\"https:\\\/\\\/pgsim.net\\\/web\\\/#website\"},\"datePublished\":\"2023-02-16T14:27:17+00:00\",\"dateModified\":\"2023-02-22T15:50:54+00:00\",\"breadcrumb\":{\"@id\":\"https:\\\/\\\/pgsim.net\\\/web\\\/index.php\\\/aviso-legal\\\/#breadcrumb\"},\"inLanguage\":\"es\",\"potentialAction\":[{\"@type\":\"ReadAction\",\"target\":[\"https:\\\/\\\/pgsim.net\\\/web\\\/index.php\\\/aviso-legal\\\/\"]}]},{\"@type\":\"BreadcrumbList\",\"@id\":\"https:\\\/\\\/pgsim.net\\\/web\\\/index.php\\\/aviso-legal\\\/#breadcrumb\",\"itemListElement\":[{\"@type\":\"ListItem\",\"position\":1,\"name\":\"Portada\",\"item\":\"https:\\\/\\\/pgsim.net\\\/web\\\/\"},{\"@type\":\"ListItem\",\"position\":2,\"name\":\"Aviso Legal\"}]},{\"@type\":\"WebSite\",\"@id\":\"https:\\\/\\\/pgsim.net\\\/web\\\/#website\",\"url\":\"https:\\\/\\\/pgsim.net\\\/web\\\/\",\"name\":\"PGSIM - Programa de Gesti\u00f3n de Seguridad Integral Minera\",\"description\":\"Programa de Gesti\u00f3n de Seguridad Integral Minera\",\"publisher\":{\"@id\":\"https:\\\/\\\/pgsim.net\\\/web\\\/#organization\"},\"alternateName\":\"PGSIM\",\"potentialAction\":[{\"@type\":\"SearchAction\",\"target\":{\"@type\":\"EntryPoint\",\"urlTemplate\":\"https:\\\/\\\/pgsim.net\\\/web\\\/?s={search_term_string}\"},\"query-input\":{\"@type\":\"PropertyValueSpecification\",\"valueRequired\":true,\"valueName\":\"search_term_string\"}}],\"inLanguage\":\"es\"},{\"@type\":\"Organization\",\"@id\":\"https:\\\/\\\/pgsim.net\\\/web\\\/#organization\",\"name\":\"PGSIM\",\"alternateName\":\"Programa de Gesti\u00f3n de Seguridad Integral Minera\",\"url\":\"https:\\\/\\\/pgsim.net\\\/web\\\/\",\"logo\":{\"@type\":\"ImageObject\",\"inLanguage\":\"es\",\"@id\":\"https:\\\/\\\/pgsim.net\\\/web\\\/#\\\/schema\\\/logo\\\/image\\\/\",\"url\":\"https:\\\/\\\/pgsim.net\\\/web\\\/wp-content\\\/uploads\\\/2022\\\/12\\\/cropped-cropped-Logotipo-Negro.png\",\"contentUrl\":\"https:\\\/\\\/pgsim.net\\\/web\\\/wp-content\\\/uploads\\\/2022\\\/12\\\/cropped-cropped-Logotipo-Negro.png\",\"width\":512,\"height\":512,\"caption\":\"PGSIM\"},\"image\":{\"@id\":\"https:\\\/\\\/pgsim.net\\\/web\\\/#\\\/schema\\\/logo\\\/image\\\/\"}}]}<\/script>\n<!-- \/ Yoast SEO plugin. -->","yoast_head_json":{"title":"Aviso Legal -","robots":{"index":"index","follow":"follow","max-snippet":"max-snippet:-1","max-image-preview":"max-image-preview:large","max-video-preview":"max-video-preview:-1"},"canonical":"https:\/\/pgsim.net\/web\/index.php\/aviso-legal\/","og_locale":"es_ES","og_type":"article","og_title":"Aviso Legal -","og_description":"El presente&nbsp;AVISO LEGAL&nbsp;regula los derechos y obligaciones del&nbsp;pgsim.es&nbsp;y de los usuarios, en relaci\u00f3n al acceso, navegaci\u00f3n y utilizaci\u00f3n de la [&hellip;]","og_url":"https:\/\/pgsim.net\/web\/index.php\/aviso-legal\/","article_modified_time":"2023-02-22T15:50:54+00:00","twitter_card":"summary_large_image","twitter_misc":{"Tiempo de lectura":"3 minutos"},"schema":{"@context":"https:\/\/schema.org","@graph":[{"@type":"WebPage","@id":"https:\/\/pgsim.net\/web\/index.php\/aviso-legal\/","url":"https:\/\/pgsim.net\/web\/index.php\/aviso-legal\/","name":"Aviso Legal -","isPartOf":{"@id":"https:\/\/pgsim.net\/web\/#website"},"datePublished":"2023-02-16T14:27:17+00:00","dateModified":"2023-02-22T15:50:54+00:00","breadcrumb":{"@id":"https:\/\/pgsim.net\/web\/index.php\/aviso-legal\/#breadcrumb"},"inLanguage":"es","potentialAction":[{"@type":"ReadAction","target":["https:\/\/pgsim.net\/web\/index.php\/aviso-legal\/"]}]},{"@type":"BreadcrumbList","@id":"https:\/\/pgsim.net\/web\/index.php\/aviso-legal\/#breadcrumb","itemListElement":[{"@type":"ListItem","position":1,"name":"Portada","item":"https:\/\/pgsim.net\/web\/"},{"@type":"ListItem","position":2,"name":"Aviso Legal"}]},{"@type":"WebSite","@id":"https:\/\/pgsim.net\/web\/#website","url":"https:\/\/pgsim.net\/web\/","name":"PGSIM - Programa de Gesti\u00f3n de Seguridad Integral Minera","description":"Programa de Gesti\u00f3n de Seguridad Integral Minera","publisher":{"@id":"https:\/\/pgsim.net\/web\/#organization"},"alternateName":"PGSIM","potentialAction":[{"@type":"SearchAction","target":{"@type":"EntryPoint","urlTemplate":"https:\/\/pgsim.net\/web\/?s={search_term_string}"},"query-input":{"@type":"PropertyValueSpecification","valueRequired":true,"valueName":"search_term_string"}}],"inLanguage":"es"},{"@type":"Organization","@id":"https:\/\/pgsim.net\/web\/#organization","name":"PGSIM","alternateName":"Programa de Gesti\u00f3n de Seguridad Integral Minera","url":"https:\/\/pgsim.net\/web\/","logo":{"@type":"ImageObject","inLanguage":"es","@id":"https:\/\/pgsim.net\/web\/#\/schema\/logo\/image\/","url":"https:\/\/pgsim.net\/web\/wp-content\/uploads\/2022\/12\/cropped-cropped-Logotipo-Negro.png","contentUrl":"https:\/\/pgsim.net\/web\/wp-content\/uploads\/2022\/12\/cropped-cropped-Logotipo-Negro.png","width":512,"height":512,"caption":"PGSIM"},"image":{"@id":"https:\/\/pgsim.net\/web\/#\/schema\/logo\/image\/"}}]}},"_links":{"self":[{"href":"https:\/\/pgsim.net\/web\/index.php\/wp-json\/wp\/v2\/pages\/598","targetHints":{"allow":["GET"]}}],"collection":[{"href":"https:\/\/pgsim.net\/web\/index.php\/wp-json\/wp\/v2\/pages"}],"about":[{"href":"https:\/\/pgsim.net\/web\/index.php\/wp-json\/wp\/v2\/types\/page"}],"author":[{"embeddable":true,"href":"https:\/\/pgsim.net\/web\/index.php\/wp-json\/wp\/v2\/users\/1"}],"replies":[{"embeddable":true,"href":"https:\/\/pgsim.net\/web\/index.php\/wp-json\/wp\/v2\/comments?post=598"}],"version-history":[{"count":19,"href":"https:\/\/pgsim.net\/web\/index.php\/wp-json\/wp\/v2\/pages\/598\/revisions"}],"predecessor-version":[{"id":618,"href":"https:\/\/pgsim.net\/web\/index.php\/wp-json\/wp\/v2\/pages\/598\/revisions\/618"}],"wp:attachment":[{"href":"https:\/\/pgsim.net\/web\/index.php\/wp-json\/wp\/v2\/media?parent=598"}],"curies":[{"name":"wp","href":"https:\/\/api.w.org\/{rel}","templated":true}]}}